{"id":1593,"date":"2025-11-03T10:39:14","date_gmt":"2025-11-03T13:39:14","guid":{"rendered":"https:\/\/inegocios.com.br\/afiliados\/?page_id=1593"},"modified":"2025-12-04T13:56:23","modified_gmt":"2025-12-04T16:56:23","slug":"indicacao","status":"publish","type":"page","link":"https:\/\/inegocios.com.br\/afiliados\/indicacao\/","title":{"rendered":"Indica\u00e7\u00e3o"},"content":{"rendered":"<h4><strong>INDICA\u00c7\u00c3O, S\u00c3O AS EMPRESAS E CLIENTES QUE VOC\u00ca E SUA REDE V\u00c3O INDICAR COMO PARCEIRO(A) DE NEG\u00d3CIOS.<\/strong><\/h4>\n<p><span style=\"font-family: arial, helvetica, sans-serif; font-size: 12pt;\">Voc\u00ea indica uma empresa,\u00a0 est\u00e1 empresa indica outra e assim sucessivamente, com est\u00e1 pequena a\u00e7\u00e3o voc\u00ea ser\u00e1 visto por todas as empresas indicadas at\u00e9 a decima s\u00e9tima gera\u00e7\u00e3o de neg\u00f3cios, fora os clientes destas empresas que ir\u00e3o te ver.<\/span><\/p>\n<p><span style=\"font-family: arial, helvetica, sans-serif; font-size: 12pt;\">Exemplo: se voc\u00ea indica duas empresas,\u00a0 cada empresa indicam mais duas cada uma e assim sucessivamente,\u00a0 com est\u00e1 pequena a\u00e7\u00e3o voc\u00ea ser\u00e1 visto por mais de 130.000 empresas, fora os clientes destas empresa que ir\u00e3o acessar o seu link, se cada empresa tiver 10 cliente que acessar o seu link, voc\u00ea ter\u00e1 mais de 1.000.000 de visualiza\u00e7\u00f5es.<\/span><\/p>\n<p><span style=\"font-family: arial, helvetica, sans-serif; font-size: 12pt;\">Al\u00e9m do alcance desta divulga\u00e7\u00e3o, voc\u00ea pode ser nosso afiliado assinando o plano anual e ganhar cripto-ativos por cada indica\u00e7\u00e3o positiva at\u00e9 a decima s\u00e9tima gera\u00e7\u00e3o de neg\u00f3cios, seus lucros ser\u00e3o di\u00e1rios e crescentes.<\/span><\/p>\n<p><a href=\"https:\/\/inegocios.com.br\/afiliados\/cripto-ativos\/\"><img decoding=\"async\" class=\"alignnone size-full wp-image-466\" src=\"http:\/\/inegocios.com.br\/shop\/wp-content\/uploads\/2025\/09\/a-rede11.jpg\" alt=\"\" width=\"100%\" height=\"270\" \/><\/a><\/p>\n","protected":false},"excerpt":{"rendered":"<p>INDICA\u00c7\u00c3O, S\u00c3O AS EMPRESAS E CLIENTES QUE VOC\u00ca E SUA REDE V\u00c3O INDICAR COMO PARCEIRO(A) DE NEG\u00d3CIOS. Voc\u00ea indica uma empresa,\u00a0 est\u00e1 empresa indica outra e assim sucessivamente, com est\u00e1 pequena a\u00e7\u00e3o voc\u00ea ser\u00e1 visto por todas as empresas indicadas at\u00e9 a decima s\u00e9tima gera\u00e7\u00e3o de neg\u00f3cios, fora os clientes destas empresas que ir\u00e3o te [&hellip;]<\/p>\n","protected":false},"author":1,"featured_media":0,"parent":0,"menu_order":0,"comment_status":"closed","ping_status":"closed","template":"","meta":{"footnotes":""},"class_list":["post-1593","page","type-page","status-publish","hentry"],"_links":{"self":[{"href":"https:\/\/inegocios.com.br\/afiliados\/wp-json\/wp\/v2\/pages\/1593","targetHints":{"allow":["GET"]}}],"collection":[{"href":"https:\/\/inegocios.com.br\/afiliados\/wp-json\/wp\/v2\/pages"}],"about":[{"href":"https:\/\/inegocios.com.br\/afiliados\/wp-json\/wp\/v2\/types\/page"}],"author":[{"embeddable":true,"href":"https:\/\/inegocios.com.br\/afiliados\/wp-json\/wp\/v2\/users\/1"}],"replies":[{"embeddable":true,"href":"https:\/\/inegocios.com.br\/afiliados\/wp-json\/wp\/v2\/comments?post=1593"}],"version-history":[{"count":9,"href":"https:\/\/inegocios.com.br\/afiliados\/wp-json\/wp\/v2\/pages\/1593\/revisions"}],"predecessor-version":[{"id":2312,"href":"https:\/\/inegocios.com.br\/afiliados\/wp-json\/wp\/v2\/pages\/1593\/revisions\/2312"}],"wp:attachment":[{"href":"https:\/\/inegocios.com.br\/afiliados\/wp-json\/wp\/v2\/media?parent=1593"}],"curies":[{"name":"wp","href":"https:\/\/api.w.org\/{rel}","templated":true}]}}