{"id":1606,"date":"2025-11-03T11:13:51","date_gmt":"2025-11-03T14:13:51","guid":{"rendered":"https:\/\/inegocios.com.br\/afiliados\/?page_id=1606"},"modified":"2025-12-23T07:30:47","modified_gmt":"2025-12-23T10:30:47","slug":"cripto-ativos","status":"publish","type":"page","link":"https:\/\/inegocios.com.br\/afiliados\/cripto-ativos\/","title":{"rendered":"Cripto-ativos"},"content":{"rendered":"<div class=\"members-access-error\">Assine o plano anual, para ter acesso ao painel de afiliados, a pagina de An\u00fancios, Conte\u00fados de Neg\u00f3cios e bonifica\u00e7\u00f5es por um per\u00edodo de um ano.<\/p>\n<p><img class=\"size-full wp-image-1859 alignleft\" src=\"https:\/\/inegocios.com.br\/afiliados\/wp-content\/uploads\/2025\/11\/tal-1.png\" alt=\"\" width=\"97\" height=\"97\" \/><\/p>\n<p>&nbsp;<\/p>\n<ul>\n<li><a href=\"https:\/\/inegocios.com.br\/afiliados\/plano-anual-no-credito\/\">Plano mensal. R$ 45.00 pagamento no cart\u00e3o.<\/a><\/li>\n<li><a href=\"https:\/\/inegocios.com.br\/afiliados\/plano-anual-no-pix\/\">Plano anual, R$\u00a0 400,00 pagamento a vista no PIX.<\/a><\/li>\n<\/ul>\n<\/div>\n","protected":false},"excerpt":{"rendered":"<div class=\"members-access-error\">Assine o plano anual, para ter acesso ao painel de afiliados, a pagina de An\u00fancios, Conte\u00fados de Neg\u00f3cios e bonifica\u00e7\u00f5es por um per\u00edodo de um ano.<\/p>\n<p><img class=\"size-full wp-image-1859 alignleft\" src=\"https:\/\/inegocios.com.br\/afiliados\/wp-content\/uploads\/2025\/11\/tal-1.png\" alt=\"\" width=\"97\" height=\"97\" \/><\/p>\n<p>&nbsp;<\/p>\n<ul>\n<li><a href=\"https:\/\/inegocios.com.br\/afiliados\/plano-anual-no-credito\/\">Plano mensal. R$ 45.00 pagamento no cart\u00e3o.<\/a><\/li>\n<li><a href=\"https:\/\/inegocios.com.br\/afiliados\/plano-anual-no-pix\/\">Plano anual, R$\u00a0 400,00 pagamento a vista no PIX.<\/a><\/li>\n<\/ul>\n<\/div>\n","protected":false},"author":1,"featured_media":0,"parent":0,"menu_order":0,"comment_status":"closed","ping_status":"closed","template":"","meta":{"footnotes":""},"class_list":["post-1606","page","type-page","status-publish","hentry"],"_links":{"self":[{"href":"https:\/\/inegocios.com.br\/afiliados\/wp-json\/wp\/v2\/pages\/1606","targetHints":{"allow":["GET"]}}],"collection":[{"href":"https:\/\/inegocios.com.br\/afiliados\/wp-json\/wp\/v2\/pages"}],"about":[{"href":"https:\/\/inegocios.com.br\/afiliados\/wp-json\/wp\/v2\/types\/page"}],"author":[{"embeddable":true,"href":"https:\/\/inegocios.com.br\/afiliados\/wp-json\/wp\/v2\/users\/1"}],"replies":[{"embeddable":true,"href":"https:\/\/inegocios.com.br\/afiliados\/wp-json\/wp\/v2\/comments?post=1606"}],"version-history":[{"count":64,"href":"https:\/\/inegocios.com.br\/afiliados\/wp-json\/wp\/v2\/pages\/1606\/revisions"}],"predecessor-version":[{"id":2463,"href":"https:\/\/inegocios.com.br\/afiliados\/wp-json\/wp\/v2\/pages\/1606\/revisions\/2463"}],"wp:attachment":[{"href":"https:\/\/inegocios.com.br\/afiliados\/wp-json\/wp\/v2\/media?parent=1606"}],"curies":[{"name":"wp","href":"https:\/\/api.w.org\/{rel}","templated":true}]}}