{"id":1162,"date":"2026-01-03T12:47:02","date_gmt":"2026-01-03T12:47:02","guid":{"rendered":"https:\/\/inegocios.com.br\/shop\/?page_id=1162"},"modified":"2026-03-29T15:37:41","modified_gmt":"2026-03-29T15:37:41","slug":"lucros","status":"publish","type":"page","link":"https:\/\/inegocios.com.br\/shop\/lucros\/","title":{"rendered":"Lucros"},"content":{"rendered":"<p>Voc\u00ea formou um ecossistema colaborativo que gere resultados reais, conforme demostramos na primeira tabela como formar uma ampla rede de empreendedores com mais de 130.000 empresas, agora vamos mostrar como obter resultados reais compartilhado com apenas duas indica\u00e7\u00e3o para forma a sua <strong><a href=\"https:\/\/inegocios.com.br\/@inegocios\">rede de Parceiros de Neg\u00f3cios.<\/a><\/strong><\/p>\n<hr \/>\n<p><img data-recalc-dims=\"1\" decoding=\"async\" class=\"alignnone wp-image-1736 size-full\" src=\"https:\/\/i0.wp.com\/inegocios.com.br\/afiliados\/wp-content\/uploads\/2025\/11\/00_lucros_inegocios.jpg?w=940&#038;ssl=1\" alt=\"\"   \/><\/p>\n<table style=\"border-collapse: collapse; width: 99.5163%; height: 456px;\">\n<tbody>\n<tr style=\"height: 24px;\">\n<td style=\"width: 14.6414%; height: 24px;\"><span style=\"font-family: arial, helvetica, sans-serif; font-size: 8pt;\">Integra\u00e7\u00f5es empresas<\/span><\/td>\n<td style=\"width: 15.7833%; height: 24px;\"><a href=\"https:\/\/inegocios.com.br\/shop\/tal\/\"><span style=\"font-family: arial, helvetica, sans-serif; font-size: 8pt;\">Ganho Talento<\/span><\/a><\/td>\n<td style=\"width: 19.2802%; height: 24px;\"><a href=\"https:\/\/inegocios.com.br\/shop\/tal\/\"><span style=\"font-family: arial, helvetica, sans-serif; font-size: 8pt;\">Total Talento<\/span><\/a><\/td>\n<\/tr>\n<tr style=\"height: 24px;\">\n<td style=\"width: 14.6414%; height: 24px;\"><span style=\"color: #ff0000; font-family: arial, helvetica, sans-serif; font-size: 8pt;\">Plano anual<\/span><\/td>\n<td style=\"width: 15.7833%; height: 24px;\"><span style=\"color: #ff0000; font-family: arial, helvetica, sans-serif; font-size: 8pt;\">000<\/span><\/td>\n<td style=\"width: 19.2802%; height: 24px;\"><span style=\"color: #ff0000; font-family: arial, helvetica, sans-serif; font-size: 8pt;\">000<\/span><\/td>\n<\/tr>\n<tr style=\"height: 24px;\">\n<td style=\"width: 14.6414%; height: 24px;\"><span style=\"color: #ff0000; font-family: arial, helvetica, sans-serif; font-size: 8pt;\">02<\/span><\/td>\n<td style=\"width: 15.7833%; height: 24px;\"><span style=\"color: #ff0000; font-family: arial, helvetica, sans-serif; font-size: 8pt;\">10.000<\/span><\/td>\n<td style=\"width: 19.2802%; height: 24px;\"><span style=\"color: #ff0000; font-family: arial, helvetica, sans-serif; font-size: 8pt;\">20.000<\/span><\/td>\n<\/tr>\n<tr style=\"height: 24px;\">\n<td style=\"width: 14.6414%; height: 24px;\"><span style=\"color: #ff0000; font-size: 8pt; font-family: arial, helvetica, sans-serif;\">04<\/span><\/td>\n<td style=\"width: 15.7833%; height: 24px;\"><span style=\"color: #ff0000; font-size: 8pt; font-family: arial, helvetica, sans-serif;\">1000<\/span><\/td>\n<td style=\"width: 19.2802%; height: 24px;\"><span style=\"color: #ff0000; font-size: 8pt; font-family: arial, helvetica, sans-serif;\">4.000<\/span><\/td>\n<\/tr>\n<tr style=\"height: 24px;\">\n<td style=\"width: 14.6414%; height: 24px;\"><span style=\"color: #ff0000; font-size: 8pt; font-family: arial, helvetica, sans-serif;\">08<\/span><\/td>\n<td style=\"width: 15.7833%; height: 24px;\"><span style=\"color: #ff0000; font-size: 8pt; font-family: arial, helvetica, sans-serif;\">1000<\/span><\/td>\n<td style=\"width: 19.2802%; height: 24px;\"><span style=\"color: #ff0000; font-size: 8pt; font-family: arial, helvetica, sans-serif;\">8.000<\/span><\/td>\n<\/tr>\n<tr style=\"height: 24px;\">\n<td style=\"width: 14.6414%; height: 24px;\"><span style=\"color: #ff0000; font-size: 8pt; font-family: arial, helvetica, sans-serif;\">16<\/span><\/td>\n<td style=\"width: 15.7833%; height: 24px;\"><span style=\"color: #ff0000; font-size: 8pt; font-family: arial, helvetica, sans-serif;\">1000<\/span><\/td>\n<td style=\"width: 19.2802%; height: 24px;\"><span style=\"color: #ff0000; font-size: 8pt; font-family: arial, helvetica, sans-serif;\">16.000<\/span><\/td>\n<\/tr>\n<tr style=\"height: 24px;\">\n<td style=\"width: 14.6414%; height: 24px;\"><span style=\"color: #000000; font-size: 8pt; font-family: arial, helvetica, sans-serif;\">32<\/span><\/td>\n<td style=\"width: 15.7833%; height: 24px;\"><span style=\"color: #000000; font-size: 8pt; font-family: arial, helvetica, sans-serif;\">1000<\/span><\/td>\n<td style=\"width: 19.2802%; height: 24px;\"><span style=\"color: #000000; font-size: 8pt; font-family: arial, helvetica, sans-serif;\">32.000<\/span><\/td>\n<\/tr>\n<tr style=\"height: 24px;\">\n<td style=\"width: 14.6414%; height: 24px;\"><span style=\"color: #000000; font-size: 8pt; font-family: arial, helvetica, sans-serif;\">64<\/span><\/td>\n<td style=\"width: 15.7833%; height: 24px;\"><span style=\"color: #000000; font-size: 8pt; font-family: arial, helvetica, sans-serif;\">1000<\/span><\/td>\n<td style=\"width: 19.2802%; height: 24px;\"><span style=\"color: #000000; font-size: 8pt; font-family: arial, helvetica, sans-serif;\">64000<\/span><\/td>\n<\/tr>\n<tr style=\"height: 24px;\">\n<td style=\"width: 14.6414%; height: 24px;\"><span style=\"color: #000000; font-size: 8pt; font-family: arial, helvetica, sans-serif;\">128<\/span><\/td>\n<td style=\"width: 15.7833%; height: 24px;\"><span style=\"color: #000000; font-size: 8pt; font-family: arial, helvetica, sans-serif;\">1000<\/span><\/td>\n<td style=\"width: 19.2802%; height: 24px;\"><span style=\"color: #000000; font-size: 8pt; font-family: arial, helvetica, sans-serif;\">128000<\/span><\/td>\n<\/tr>\n<tr style=\"height: 24px;\">\n<td style=\"width: 14.6414%; height: 24px;\"><span style=\"color: #000000; font-size: 8pt; font-family: arial, helvetica, sans-serif;\">256<\/span><\/td>\n<td style=\"width: 15.7833%; height: 24px;\"><span style=\"color: #000000; font-size: 8pt; font-family: arial, helvetica, sans-serif;\">1000<\/span><\/td>\n<td style=\"width: 19.2802%; height: 24px;\"><span style=\"color: #000000; font-size: 8pt; font-family: arial, helvetica, sans-serif;\">256000<\/span><\/td>\n<\/tr>\n<tr style=\"height: 24px;\">\n<td style=\"width: 14.6414%; height: 24px;\"><span style=\"color: #ff0000; font-size: 8pt; font-family: arial, helvetica, sans-serif;\">512<\/span><\/td>\n<td style=\"width: 15.7833%; height: 24px;\"><span style=\"color: #ff0000; font-size: 8pt; font-family: arial, helvetica, sans-serif;\">1000<\/span><\/td>\n<td style=\"width: 19.2802%; height: 24px;\"><span style=\"color: #ff0000; font-size: 8pt; font-family: arial, helvetica, sans-serif;\">512000<\/span><\/td>\n<\/tr>\n<tr style=\"height: 24px;\">\n<td style=\"width: 14.6414%; height: 24px;\"><span style=\"color: #ff0000; font-size: 8pt; font-family: arial, helvetica, sans-serif;\">1.024<\/span><\/td>\n<td style=\"width: 15.7833%; height: 24px;\"><span style=\"color: #ff0000; font-size: 8pt; font-family: arial, helvetica, sans-serif;\">1000<\/span><\/td>\n<td style=\"width: 19.2802%; height: 24px;\"><span style=\"color: #ff0000; font-size: 8pt; font-family: arial, helvetica, sans-serif;\">1.024.000<\/span><\/td>\n<\/tr>\n<tr style=\"height: 24px;\">\n<td style=\"width: 14.6414%; height: 24px;\"><span style=\"color: #ff0000; font-size: 8pt; font-family: arial, helvetica, sans-serif;\">2.048<\/span><\/td>\n<td style=\"width: 15.7833%; height: 24px;\"><span style=\"color: #ff0000; font-size: 8pt; font-family: arial, helvetica, sans-serif;\">1000<\/span><\/td>\n<td style=\"width: 19.2802%; height: 24px;\"><span style=\"color: #ff0000; font-size: 8pt; font-family: arial, helvetica, sans-serif;\">2.048.000<\/span><\/td>\n<\/tr>\n<tr style=\"height: 24px;\">\n<td style=\"width: 14.6414%; height: 24px;\"><span style=\"color: #ff0000; font-size: 8pt; font-family: arial, helvetica, sans-serif;\">4.096<\/span><\/td>\n<td style=\"width: 15.7833%; height: 24px;\"><span style=\"color: #ff0000; font-size: 8pt; font-family: arial, helvetica, sans-serif;\">1000<\/span><\/td>\n<td style=\"width: 19.2802%; height: 24px;\"><span style=\"color: #ff0000; font-size: 8pt; font-family: arial, helvetica, sans-serif;\">4.096.000<\/span><\/td>\n<\/tr>\n<tr style=\"height: 24px;\">\n<td style=\"width: 14.6414%; height: 24px;\"><span style=\"color: #000000; font-size: 8pt; font-family: arial, helvetica, sans-serif;\">8.192<\/span><\/td>\n<td style=\"width: 15.7833%; height: 24px;\"><span style=\"color: #000000; font-size: 8pt; font-family: arial, helvetica, sans-serif;\">1000<\/span><\/td>\n<td style=\"width: 19.2802%; height: 24px;\"><span style=\"color: #000000; font-size: 8pt; font-family: arial, helvetica, sans-serif;\">8.192.000<\/span><\/td>\n<\/tr>\n<tr style=\"height: 24px;\">\n<td style=\"width: 14.6414%; height: 24px;\"><span style=\"color: #000000; font-size: 8pt; font-family: arial, helvetica, sans-serif;\">16.384<\/span><\/td>\n<td style=\"width: 15.7833%; height: 24px;\"><span style=\"color: #000000; font-size: 8pt; font-family: arial, helvetica, sans-serif;\">1000<\/span><\/td>\n<td style=\"width: 19.2802%; height: 24px;\"><span style=\"color: #000000; font-size: 8pt; font-family: arial, helvetica, sans-serif;\">16.384.000<\/span><\/td>\n<\/tr>\n<tr style=\"height: 24px;\">\n<td style=\"width: 14.6414%; height: 24px;\"><span style=\"color: #000000; font-size: 8pt; font-family: arial, helvetica, sans-serif;\">32.768<\/span><\/td>\n<td style=\"width: 15.7833%; height: 24px;\"><span style=\"color: #000000; font-size: 8pt; font-family: arial, helvetica, sans-serif;\">1000<\/span><\/td>\n<td style=\"width: 19.2802%; height: 24px;\"><span style=\"color: #000000; font-size: 8pt; font-family: arial, helvetica, sans-serif;\">32.768.000<\/span><\/td>\n<\/tr>\n<tr style=\"height: 24px;\">\n<td style=\"width: 14.6414%; height: 24px;\"><span style=\"color: #333333; font-size: 8pt; font-family: arial, helvetica, sans-serif;\">65.536<\/span><\/td>\n<td style=\"width: 15.7833%; height: 24px;\"><span style=\"color: #333333; font-size: 8pt; font-family: arial, helvetica, sans-serif;\">1000<\/span><\/td>\n<td style=\"width: 19.2802%; height: 24px;\"><span style=\"color: #333333; font-size: 8pt; font-family: arial, helvetica, sans-serif;\">65.536.000<\/span><\/td>\n<\/tr>\n<tr style=\"height: 24px;\">\n<td style=\"width: 30.4247%; height: 24px;\" colspan=\"2\"><span style=\"color: #ff0000; font-size: 8pt; font-family: arial, helvetica, sans-serif;\"><strong>Mais de 130.000 Visualiza\u00e7\u00f5es<\/strong><\/span><\/td>\n<td style=\"width: 19.2802%; height: 24px;\"><span style=\"color: #ff0000; font-size: 8pt; font-family: arial, helvetica, sans-serif;\"><strong>Lucro mais 130.000.000TAL<\/strong><\/span><\/td>\n<\/tr>\n<\/tbody>\n<\/table>\n<ul>\n<li><strong>Curto prazo <\/strong><strong> (6 meses):<\/strong> Estabelecer a sua rede de neg\u00f3cios com milhares de empreendedores ativos.<\/li>\n<li><strong>Longo prazo (1 anos):<\/strong> Tornar o seu neg\u00f3cio uma refer\u00eancia e atingir o sucesso com a integra\u00e7\u00e3o de neg\u00f3cios .<\/li>\n<\/ul>\n<hr \/>\n<p>&nbsp;<\/p>\n","protected":false},"excerpt":{"rendered":"<p>Voc\u00ea formou um ecossistema colaborativo que gere resultados reais, conforme demostramos na primeira tabela como formar uma ampla rede de empreendedores com mais de 130.000 empresas, agora vamos mostrar como obter resultados reais compartilhado com apenas duas indica\u00e7\u00e3o para forma a sua rede de Parceiros de Neg\u00f3cios. Integra\u00e7\u00f5es empresas Ganho Talento Total Talento Plano anual [&hellip;]<\/p>\n","protected":false},"author":1,"featured_media":0,"parent":0,"menu_order":0,"comment_status":"closed","ping_status":"closed","template":"","meta":{"footnotes":""},"class_list":["post-1162","page","type-page","status-publish","hentry"],"jetpack_sharing_enabled":true,"_links":{"self":[{"href":"https:\/\/inegocios.com.br\/shop\/wp-json\/wp\/v2\/pages\/1162","targetHints":{"allow":["GET"]}}],"collection":[{"href":"https:\/\/inegocios.com.br\/shop\/wp-json\/wp\/v2\/pages"}],"about":[{"href":"https:\/\/inegocios.com.br\/shop\/wp-json\/wp\/v2\/types\/page"}],"author":[{"embeddable":true,"href":"https:\/\/inegocios.com.br\/shop\/wp-json\/wp\/v2\/users\/1"}],"replies":[{"embeddable":true,"href":"https:\/\/inegocios.com.br\/shop\/wp-json\/wp\/v2\/comments?post=1162"}],"version-history":[{"count":11,"href":"https:\/\/inegocios.com.br\/shop\/wp-json\/wp\/v2\/pages\/1162\/revisions"}],"predecessor-version":[{"id":1569,"href":"https:\/\/inegocios.com.br\/shop\/wp-json\/wp\/v2\/pages\/1162\/revisions\/1569"}],"wp:attachment":[{"href":"https:\/\/inegocios.com.br\/shop\/wp-json\/wp\/v2\/media?parent=1162"}],"curies":[{"name":"wp","href":"https:\/\/api.w.org\/{rel}","templated":true}]}}