{"id":1173,"date":"2026-01-03T13:10:40","date_gmt":"2026-01-03T13:10:40","guid":{"rendered":"https:\/\/inegocios.com.br\/shop\/?page_id=1173"},"modified":"2026-01-03T13:18:08","modified_gmt":"2026-01-03T13:18:08","slug":"tal","status":"publish","type":"page","link":"https:\/\/inegocios.com.br\/shop\/tal\/","title":{"rendered":"TAL * Talento"},"content":{"rendered":"<div class=\"WaaZC\">\n<div class=\"rPeykc\" data-hveid=\"CC8QAQ\" data-ved=\"2ahUKEwiimZj7q6ONAxUGB7kGHVCdN5MQo_EKegQILxAB\">\n<p><a href=\"https:\/\/i0.wp.com\/inegocios.com.br\/afiliados\/wp-content\/uploads\/2025\/05\/image-3.png?ssl=1\"><img data-recalc-dims=\"1\" loading=\"lazy\" decoding=\"async\" class=\"alignnone size-full wp-image-412\" src=\"https:\/\/i0.wp.com\/inegocios.com.br\/afiliados\/wp-content\/uploads\/2025\/05\/image-3.png?resize=940%2C356&#038;ssl=1\" alt=\"\" width=\"940\" height=\"356\" \/><\/a><\/p>\n<h2><span data-huuid=\"15818626691689695212\">GANHE\u00c7A O CRIPTO-ATIVO TAL * TALENTO.<\/span><\/h2>\n<p><span data-huuid=\"15818626691689695212\">Nosso projeto \u00e9 construir uma moeda forte e independente negoci\u00e1vel na <a href=\"https:\/\/inegocios.com.br\/afiliados\/tal-talento\/\">uniswap<\/a> onde voc\u00ea poder\u00e1 trocar e lucrar em d\u00f3lar.\u00a0 <\/span><span data-huuid=\"15818626691689695212\">Ganhe at\u00e9 500 milh\u00f5es em cripto ativos (TAL * Talentos) indicando apenas dois ou tr\u00eas amigos e incentivando-os a fazer o mesmo.<\/span><\/p>\n<p><span data-huuid=\"15818626691689695212\">Talento \u00e9 um Criptoativo popularmente conhecidos como &#8220;moedas virtuais&#8221;, s\u00e3o ativos digitais que usa criptografia e blockchain para garantir a validade das transa\u00e7\u00f5es. <\/span><span data-huuid=\"15818626691689693619\">S\u00e3o representa\u00e7\u00f5es digitais de valores ou direitos que podem ser transferidos e armazenados eletronicamente.<span class=\"pjBG2e\" data-cid=\"7349bce9-0a15-4a9c-a4e4-f06a3c9435ba\"><span class=\"UV3uM\">\u00a0<\/span><\/span><\/span><\/p>\n<\/div>\n<\/div>\n<div class=\"WaaZC\">\n<div class=\"zMgcWd dSKvsb\" data-il=\"\">\n<div data-crb-p=\"\">\n<div class=\"xFTqob\">\n<ul>\n<li><span data-huuid=\"15818626691689693846\"><strong>Defini\u00e7\u00e3o:\u00a0 <\/strong><\/span>Talento \u00e9 um ativo digital que n\u00e3o existem fisicamente, mas sim em registros digitais, protegidos por criptografia e armazenados em uma rede de computadores.<\/li>\n<li><strong>Tecnologia:\u00a0 <\/strong>O Talento utiliza a tecnologia blockchain \u00e9 essencial para a seguran\u00e7a e a validade das transa\u00e7\u00f5es com criptoativos, pois garante que elas sejam transparentes e imut\u00e1veis.<\/li>\n<li><span data-huuid=\"15818626691689694300\"><strong>Import\u00e2ncia: <\/strong><\/span>O Talento podem ser utilizados para diversos fins, desde investimentos at\u00e9 transa\u00e7\u00f5es online.<span class=\"pjBG2e\" data-cid=\"ae6bd772-891d-46ee-9293-445e44513180\"><span class=\"UV3uM\"> \u00a0<\/span><\/span><\/li>\n<li><span data-huuid=\"15818626691689694300\"><strong>Distribui\u00e7\u00e3o: <\/strong>Voc\u00ea n\u00e3o precisa<\/span> investir, comprar Talento * TAL; Nossa moeda \u00e9 distribu\u00edda e redistribu\u00edda como recompensa para cada afiliado que ativar um plano de neg\u00f3cios.<\/li>\n<\/ul>\n<h2><span style=\"color: #000000;\"><strong><span class=\"pjBG2e\" data-cid=\"8c3b9bd5-4153-4d72-a4fa-7095f33c655b\"><span class=\"UV3uM\">RESUMINDO:\u00a0<\/span><\/span><\/strong><\/span><\/h2>\n<ul>\n<li><strong>Talento:\u00a0 <\/strong><span data-huuid=\"15818626691689696120\">\u00c9 uma moeda digital desenvolvido para recompensar nossos parceiros de neg\u00f3cios, o talento \u00e9 um cripto ativo <strong>QUE VOC\u00ca PODERA NEGOCIAR NA UNISWAP, TROCAR OU VENDE-LOS E LUCRAR EM DOLAR.\u00a0<\/strong><\/span><span data-huuid=\"15818626691689694527\">.<span class=\"pjBG2e\" data-cid=\"8c3b9bd5-4153-4d72-a4fa-7095f33c655b\"><span class=\"UV3uM\">\u00a0<\/span><\/span><\/span><\/li>\n<li><strong>Plano anual de Neg\u00f3cios:<\/strong> Quando voc\u00ea assina um plano anual de neg\u00f3cio e se torna um afiliado(a), voc\u00ea poder\u00e1\u00a0 indicar outros parceiros para a rede de neg\u00f3cios e com isto ganha recompensa em Talento * TAL.\u00a0 <a href=\"https:\/\/inegocios.com.br\/shop\/negocios\/\"><strong>VEJA QUANTO VOC\u00ca PODE LUCRAR.<\/strong><\/a><\/li>\n<\/ul>\n<hr \/>\n<p>&nbsp;<\/p>\n<\/div>\n<\/div>\n<\/div>\n<\/div>\n","protected":false},"excerpt":{"rendered":"<p>GANHE\u00c7A O CRIPTO-ATIVO TAL * TALENTO. Nosso projeto \u00e9 construir uma moeda forte e independente negoci\u00e1vel na uniswap onde voc\u00ea poder\u00e1 trocar e lucrar em d\u00f3lar.\u00a0 Ganhe at\u00e9 500 milh\u00f5es em cripto ativos (TAL * Talentos) indicando apenas dois ou tr\u00eas amigos e incentivando-os a fazer o mesmo. Talento \u00e9 um Criptoativo popularmente conhecidos como [&hellip;]<\/p>\n","protected":false},"author":1,"featured_media":0,"parent":0,"menu_order":0,"comment_status":"closed","ping_status":"closed","template":"","meta":{"footnotes":""},"class_list":["post-1173","page","type-page","status-publish","hentry"],"jetpack_sharing_enabled":true,"_links":{"self":[{"href":"https:\/\/inegocios.com.br\/shop\/wp-json\/wp\/v2\/pages\/1173","targetHints":{"allow":["GET"]}}],"collection":[{"href":"https:\/\/inegocios.com.br\/shop\/wp-json\/wp\/v2\/pages"}],"about":[{"href":"https:\/\/inegocios.com.br\/shop\/wp-json\/wp\/v2\/types\/page"}],"author":[{"embeddable":true,"href":"https:\/\/inegocios.com.br\/shop\/wp-json\/wp\/v2\/users\/1"}],"replies":[{"embeddable":true,"href":"https:\/\/inegocios.com.br\/shop\/wp-json\/wp\/v2\/comments?post=1173"}],"version-history":[{"count":5,"href":"https:\/\/inegocios.com.br\/shop\/wp-json\/wp\/v2\/pages\/1173\/revisions"}],"predecessor-version":[{"id":1179,"href":"https:\/\/inegocios.com.br\/shop\/wp-json\/wp\/v2\/pages\/1173\/revisions\/1179"}],"wp:attachment":[{"href":"https:\/\/inegocios.com.br\/shop\/wp-json\/wp\/v2\/media?parent=1173"}],"curies":[{"name":"wp","href":"https:\/\/api.w.org\/{rel}","templated":true}]}}