{"id":1186,"date":"2026-01-03T13:56:48","date_gmt":"2026-01-03T13:56:48","guid":{"rendered":"https:\/\/inegocios.com.br\/shop\/?page_id=1186"},"modified":"2026-03-29T15:58:21","modified_gmt":"2026-03-29T15:58:21","slug":"negocios","status":"publish","type":"page","link":"https:\/\/inegocios.com.br\/shop\/negocios\/","title":{"rendered":"Neg\u00f3cios"},"content":{"rendered":"<div class=\"members-access-error\">\n<pre id=\"tw-target-text\" class=\"tw-data-text tw-text-large tw-ta\" dir=\"ltr\" role=\"text\" data-placeholder=\"Tradu\u00e7\u00e3o\" data-ved=\"2ahUKEwjkxrPentOPAxX5HbkGHVWKMoMQ3ewLegQICxAV\" aria-label=\"Texto traduzido: Desculpe, mas voc\u00ea n\u00e3o tem permiss\u00e3o para visualizar este conte\u00fado.\"><span class=\"Y2IQFc\" lang=\"pt\">Desculpe, mas voc\u00ea n\u00e3o tem permiss\u00e3o para visualizar este conte\u00fado.<\/span><\/pre>\n<\/div>\n","protected":false},"excerpt":{"rendered":"<div class=\"members-access-error\">\n<pre id=\"tw-target-text\" class=\"tw-data-text tw-text-large tw-ta\" dir=\"ltr\" role=\"text\" data-placeholder=\"Tradu\u00e7\u00e3o\" data-ved=\"2ahUKEwjkxrPentOPAxX5HbkGHVWKMoMQ3ewLegQICxAV\" aria-label=\"Texto traduzido: Desculpe, mas voc\u00ea n\u00e3o tem permiss\u00e3o para visualizar este conte\u00fado.\"><span class=\"Y2IQFc\" lang=\"pt\">Desculpe, mas voc\u00ea n\u00e3o tem permiss\u00e3o para visualizar este conte\u00fado.<\/span><\/pre>\n<\/div>\n","protected":false},"author":1,"featured_media":0,"parent":0,"menu_order":0,"comment_status":"closed","ping_status":"closed","template":"","meta":{"footnotes":""},"class_list":["post-1186","page","type-page","status-publish","hentry"],"jetpack_sharing_enabled":true,"_links":{"self":[{"href":"https:\/\/inegocios.com.br\/shop\/wp-json\/wp\/v2\/pages\/1186","targetHints":{"allow":["GET"]}}],"collection":[{"href":"https:\/\/inegocios.com.br\/shop\/wp-json\/wp\/v2\/pages"}],"about":[{"href":"https:\/\/inegocios.com.br\/shop\/wp-json\/wp\/v2\/types\/page"}],"author":[{"embeddable":true,"href":"https:\/\/inegocios.com.br\/shop\/wp-json\/wp\/v2\/users\/1"}],"replies":[{"embeddable":true,"href":"https:\/\/inegocios.com.br\/shop\/wp-json\/wp\/v2\/comments?post=1186"}],"version-history":[{"count":7,"href":"https:\/\/inegocios.com.br\/shop\/wp-json\/wp\/v2\/pages\/1186\/revisions"}],"predecessor-version":[{"id":1570,"href":"https:\/\/inegocios.com.br\/shop\/wp-json\/wp\/v2\/pages\/1186\/revisions\/1570"}],"wp:attachment":[{"href":"https:\/\/inegocios.com.br\/shop\/wp-json\/wp\/v2\/media?parent=1186"}],"curies":[{"name":"wp","href":"https:\/\/api.w.org\/{rel}","templated":true}]}}