{"id":2,"date":"2025-09-01T16:25:11","date_gmt":"2025-09-01T16:25:11","guid":{"rendered":"https:\/\/inegocios.com.br\/shop\/?page_id=2"},"modified":"2026-03-29T16:01:24","modified_gmt":"2026-03-29T16:01:24","slug":"sample-page","status":"publish","type":"page","link":"https:\/\/inegocios.com.br\/shop\/","title":{"rendered":"Home"},"content":{"rendered":"<p style=\"text-align: center;\"><span style=\"font-size: 14pt;\"><strong>INTEGRA\u00c7\u00c3O DE NEG\u00d3CIOS<\/strong><\/span><\/p>\n<p><a href=\"http:\/\/inegocios.com.br\/shop\"><img data-recalc-dims=\"1\" loading=\"lazy\" decoding=\"async\" class=\"alignnone wp-image-1383\" src=\"https:\/\/i0.wp.com\/inegocios.com.br\/shop\/wp-content\/uploads\/2026\/01\/voce_destaque.jpg?resize=940%2C511\" alt=\"\" width=\"940\" height=\"511\" srcset=\"https:\/\/i0.wp.com\/inegocios.com.br\/shop\/wp-content\/uploads\/2026\/01\/voce_destaque.jpg?w=583&amp;ssl=1 583w, https:\/\/i0.wp.com\/inegocios.com.br\/shop\/wp-content\/uploads\/2026\/01\/voce_destaque.jpg?resize=200%2C109&amp;ssl=1 200w, https:\/\/i0.wp.com\/inegocios.com.br\/shop\/wp-content\/uploads\/2026\/01\/voce_destaque.jpg?resize=150%2C82&amp;ssl=1 150w, https:\/\/i0.wp.com\/inegocios.com.br\/shop\/wp-content\/uploads\/2026\/01\/voce_destaque.jpg?resize=420%2C228&amp;ssl=1 420w\" sizes=\"auto, (max-width: 940px) 100vw, 940px\" \/><\/a><\/p>\n<p>O <strong>iNeg\u00f3cios<\/strong>\u00a0\u00e9 uma rede de integra\u00e7\u00e3o de neg\u00f3cios, onde empresas e profissionais podem se conectar entre si e gerar resultados concreto.<\/p>\n<p>Cada empresa afiliada na plataforma gera uma cota de tokens digital (TAL * Talento);\u00a0 Esses tokens representa a presen\u00e7a da empresa dentro do ecossistema e permite que ela participe do fluxo de monetiza\u00e7\u00e3o gerado pela rede.<\/p>\n<hr \/>\n<p><a href=\"http:\/\/inegocios.com.br\/shop\/negocios\"><img data-recalc-dims=\"1\" decoding=\"async\" class=\"alignnone wp-image-1264\" src=\"https:\/\/i0.wp.com\/inegocios.com.br\/shop\/wp-content\/uploads\/2026\/01\/ChatGPT-Image-9-de-jan.-de-2026-11_26_19.jpg?fit=940%2C1199\" alt=\"\" width=\"940\" height=\"1199\" srcset=\"https:\/\/i0.wp.com\/inegocios.com.br\/shop\/wp-content\/uploads\/2026\/01\/ChatGPT-Image-9-de-jan.-de-2026-11_26_19.jpg?w=800&amp;ssl=1 800w, https:\/\/i0.wp.com\/inegocios.com.br\/shop\/wp-content\/uploads\/2026\/01\/ChatGPT-Image-9-de-jan.-de-2026-11_26_19.jpg?resize=200%2C133&amp;ssl=1 200w, https:\/\/i0.wp.com\/inegocios.com.br\/shop\/wp-content\/uploads\/2026\/01\/ChatGPT-Image-9-de-jan.-de-2026-11_26_19.jpg?resize=150%2C100&amp;ssl=1 150w, https:\/\/i0.wp.com\/inegocios.com.br\/shop\/wp-content\/uploads\/2026\/01\/ChatGPT-Image-9-de-jan.-de-2026-11_26_19.jpg?resize=768%2C512&amp;ssl=1 768w, https:\/\/i0.wp.com\/inegocios.com.br\/shop\/wp-content\/uploads\/2026\/01\/ChatGPT-Image-9-de-jan.-de-2026-11_26_19.jpg?resize=600%2C400&amp;ssl=1 600w, https:\/\/i0.wp.com\/inegocios.com.br\/shop\/wp-content\/uploads\/2026\/01\/ChatGPT-Image-9-de-jan.-de-2026-11_26_19.jpg?resize=420%2C280&amp;ssl=1 420w, https:\/\/i0.wp.com\/inegocios.com.br\/shop\/wp-content\/uploads\/2026\/01\/ChatGPT-Image-9-de-jan.-de-2026-11_26_19.jpg?resize=738%2C492&amp;ssl=1 738w\" sizes=\"(max-width: 800px) 100vw, 800px\" \/><\/a><\/p>\n<p>Quando uma empresa \u00e9 integrada, ela interage com outras empresas, essa atividade \u00e9 registrada e faz a distribui\u00e7\u00e3o de tokens definida pelo sistema.\u00a0 \u00a0Dessa forma, cada empresa passa a ter uma cota de ativos digital que v\u00e3o gerar receita diariamente, sem a necessidade de alterar sua opera\u00e7\u00e3o atual, esses tokens poder\u00e3o ser <strong>usados para comprar<\/strong> produtos ou servi\u00e7os oferecidos no<strong> iNegocios Shop<\/strong> pelos afiliados com descontos de at\u00e9 90%, ou poder\u00e1 ser <strong>Negociado na Uniswap.<\/strong><\/p>\n<hr \/>\n<p><a href=\"http:\/\/inegocios.com.br\/shop\/negocios\"><img data-recalc-dims=\"1\" loading=\"lazy\" decoding=\"async\" class=\"alignnone size-full wp-image-1277\" src=\"https:\/\/i0.wp.com\/inegocios.com.br\/shop\/wp-content\/uploads\/2026\/01\/silvia13.png?resize=940%2C529\" alt=\"\" width=\"940\" height=\"529\" srcset=\"https:\/\/i0.wp.com\/inegocios.com.br\/shop\/wp-content\/uploads\/2026\/01\/silvia13.png?w=1344&amp;ssl=1 1344w, https:\/\/i0.wp.com\/inegocios.com.br\/shop\/wp-content\/uploads\/2026\/01\/silvia13.png?resize=200%2C113&amp;ssl=1 200w, https:\/\/i0.wp.com\/inegocios.com.br\/shop\/wp-content\/uploads\/2026\/01\/silvia13.png?resize=1200%2C675&amp;ssl=1 1200w, https:\/\/i0.wp.com\/inegocios.com.br\/shop\/wp-content\/uploads\/2026\/01\/silvia13.png?resize=150%2C84&amp;ssl=1 150w, https:\/\/i0.wp.com\/inegocios.com.br\/shop\/wp-content\/uploads\/2026\/01\/silvia13.png?resize=768%2C432&amp;ssl=1 768w, https:\/\/i0.wp.com\/inegocios.com.br\/shop\/wp-content\/uploads\/2026\/01\/silvia13.png?resize=600%2C338&amp;ssl=1 600w, https:\/\/i0.wp.com\/inegocios.com.br\/shop\/wp-content\/uploads\/2026\/01\/silvia13.png?resize=420%2C236&amp;ssl=1 420w, https:\/\/i0.wp.com\/inegocios.com.br\/shop\/wp-content\/uploads\/2026\/01\/silvia13.png?resize=738%2C415&amp;ssl=1 738w\" sizes=\"auto, (max-width: 940px) 100vw, 940px\" \/><\/a>O ecossistema \u00e9 colaborativo: todos os participantes contribui para o crescimento da rede e, ao mesmo tempo, compartilham os benef\u00edcios gerados por ela.\u00a0 \u00a0O objetivo \u00e9 simples: aumentar a visibilidade dos neg\u00f3cios, ampliar as oportunidades comerciais e criar um modelo de ganho em D\u00f3lar.<\/p>\n<hr \/>\n<div style=\"width: 940px;\" class=\"wp-video\"><video class=\"wp-video-shortcode\" id=\"video-2-1\" width=\"940\" height=\"73\" autoplay preload=\"metadata\" controls=\"controls\"><source type=\"video\/mp4\" src=\"http:\/\/inegocios.com.br\/shop\/wp-content\/uploads\/2026\/01\/m1.mp4?_=1\" \/><a href=\"http:\/\/inegocios.com.br\/shop\/wp-content\/uploads\/2026\/01\/m1.mp4\">http:\/\/inegocios.com.br\/shop\/wp-content\/uploads\/2026\/01\/m1.mp4<\/a><\/video><\/div>\n","protected":false},"excerpt":{"rendered":"<p>INTEGRA\u00c7\u00c3O DE NEG\u00d3CIOS O iNeg\u00f3cios\u00a0\u00e9 uma rede de integra\u00e7\u00e3o de neg\u00f3cios, onde empresas e profissionais podem se conectar entre si e gerar resultados concreto. Cada empresa afiliada na plataforma gera uma cota de tokens digital (TAL * Talento);\u00a0 Esses tokens representa a presen\u00e7a da empresa dentro do ecossistema e permite que ela participe do fluxo [&hellip;]<\/p>\n","protected":false},"author":1,"featured_media":0,"parent":0,"menu_order":0,"comment_status":"closed","ping_status":"open","template":"","meta":{"footnotes":""},"class_list":["post-2","page","type-page","status-publish","hentry"],"jetpack_sharing_enabled":true,"_links":{"self":[{"href":"https:\/\/inegocios.com.br\/shop\/wp-json\/wp\/v2\/pages\/2","targetHints":{"allow":["GET"]}}],"collection":[{"href":"https:\/\/inegocios.com.br\/shop\/wp-json\/wp\/v2\/pages"}],"about":[{"href":"https:\/\/inegocios.com.br\/shop\/wp-json\/wp\/v2\/types\/page"}],"author":[{"embeddable":true,"href":"https:\/\/inegocios.com.br\/shop\/wp-json\/wp\/v2\/users\/1"}],"replies":[{"embeddable":true,"href":"https:\/\/inegocios.com.br\/shop\/wp-json\/wp\/v2\/comments?post=2"}],"version-history":[{"count":79,"href":"https:\/\/inegocios.com.br\/shop\/wp-json\/wp\/v2\/pages\/2\/revisions"}],"predecessor-version":[{"id":390,"href":"https:\/\/inegocios.com.br\/shop\/wp-json\/wp\/v2\/pages\/2\/revisions\/390"}],"wp:attachment":[{"href":"https:\/\/inegocios.com.br\/shop\/wp-json\/wp\/v2\/media?parent=2"}],"curies":[{"name":"wp","href":"https:\/\/api.w.org\/{rel}","templated":true}]}}