{"id":20,"date":"2025-09-01T16:55:25","date_gmt":"2025-09-01T16:55:25","guid":{"rendered":"https:\/\/inegocios.com.br\/shop\/painel-de-afiliado\/"},"modified":"2026-01-02T19:01:40","modified_gmt":"2026-01-02T19:01:40","slug":"painel-de-afiliado","status":"publish","type":"page","link":"https:\/\/inegocios.com.br\/shop\/painel-de-afiliado\/","title":{"rendered":"Painel de Afiliado"},"content":{"rendered":"<div class=\"members-access-error\">\n<p style=\"text-align: left\">Seja nosso parceiro(a) de neg\u00f3cios.<\/p>\n<p><img class=\"alignnone size-full wp-image-478\" alt=\"\" \/><img class=\"alignnone size-full wp-image-476\" alt=\"\" \/><img class=\"alignnone size-full wp-image-288\" alt=\"\" \/><img data-recalc-dims=\"1\" class=\"wp-image-2138 size-thumbnail alignnone\" src=\"https:\/\/i0.wp.com\/inegocios.com.br\/afiliados\/wp-content\/uploads\/2025\/11\/banner-thumb-150x150.png?resize=150%2C150&#038;ssl=1\" alt=\"\" width=\"150\" height=\"150\" \/><\/p>\n<p><a href=\"https:\/\/inegocios.com.br\/shop\/produto\/plano-anual\" target=\"_self\" class=\"element-button medium primary\">\u00a0 \u00a0 \u00a0 \u00a0Plano anual R$ 450,00 no pix. <\/a><\/p>\n<p><a href=\"https:\/\/inegocios.com.br\/shop\/produto\/plano-mensal\/\" target=\"_self\" class=\"element-button medium default\">\u00a0 \u00a0Plano mensal\u00a0 R$ 5o.00 no pix.<\/a><\/p><\/div>\n<p>Voc\u00ea n\u00e3o est\u00e1 autorizado a acessar esta p\u00e1gina. Fa\u00e7a o <a href=\"https:\/\/inegocios.com.br\/shop\/login-de-afiliado\/\">Login<\/a> e tente novamente.<\/p>","protected":false},"excerpt":{"rendered":"<div class=\"members-access-error\">\n<p style=\"text-align: left\">Seja nosso parceiro(a) de neg\u00f3cios.<\/p>\n<p><img class=\"alignnone size-full wp-image-478\" alt=\"\" \/><img class=\"alignnone size-full wp-image-476\" alt=\"\" \/><img class=\"alignnone size-full wp-image-288\" alt=\"\" \/><img class=\"wp-image-2138 size-thumbnail alignnone\" src=\"https:\/\/inegocios.com.br\/afiliados\/wp-content\/uploads\/2025\/11\/banner-thumb-150x150.png\" alt=\"\" width=\"150\" height=\"150\" \/><\/p>\n<p><a href=\"https:\/\/inegocios.com.br\/shop\/produto\/plano-anual\" target=\"_self\" class=\"element-button medium primary\">\u00a0 \u00a0 \u00a0 \u00a0Plano anual R$ 450,00 no pix. <\/a><\/p>\n<p><a href=\"https:\/\/inegocios.com.br\/shop\/produto\/plano-mensal\/\" target=\"_self\" class=\"element-button medium default\">\u00a0 \u00a0Plano mensal\u00a0 R$ 5o.00 no pix.<\/a><\/p><\/div>\n","protected":false},"author":1,"featured_media":0,"parent":0,"menu_order":0,"comment_status":"closed","ping_status":"closed","template":"","meta":{"footnotes":""},"class_list":["post-20","page","type-page","status-publish","hentry"],"jetpack_sharing_enabled":true,"_links":{"self":[{"href":"https:\/\/inegocios.com.br\/shop\/wp-json\/wp\/v2\/pages\/20","targetHints":{"allow":["GET"]}}],"collection":[{"href":"https:\/\/inegocios.com.br\/shop\/wp-json\/wp\/v2\/pages"}],"about":[{"href":"https:\/\/inegocios.com.br\/shop\/wp-json\/wp\/v2\/types\/page"}],"author":[{"embeddable":true,"href":"https:\/\/inegocios.com.br\/shop\/wp-json\/wp\/v2\/users\/1"}],"replies":[{"embeddable":true,"href":"https:\/\/inegocios.com.br\/shop\/wp-json\/wp\/v2\/comments?post=20"}],"version-history":[{"count":1,"href":"https:\/\/inegocios.com.br\/shop\/wp-json\/wp\/v2\/pages\/20\/revisions"}],"predecessor-version":[{"id":1149,"href":"https:\/\/inegocios.com.br\/shop\/wp-json\/wp\/v2\/pages\/20\/revisions\/1149"}],"wp:attachment":[{"href":"https:\/\/inegocios.com.br\/shop\/wp-json\/wp\/v2\/media?parent=20"}],"curies":[{"name":"wp","href":"https:\/\/api.w.org\/{rel}","templated":true}]}}