{"id":583,"date":"2025-09-15T00:46:10","date_gmt":"2025-09-15T00:46:10","guid":{"rendered":"https:\/\/inegocios.com.br\/shop\/?page_id=583"},"modified":"2026-03-29T15:44:49","modified_gmt":"2026-03-29T15:44:49","slug":"tabela-tres","status":"publish","type":"page","link":"https:\/\/inegocios.com.br\/shop\/tabela-tres\/","title":{"rendered":"Neg\u00f3cios."},"content":{"rendered":"<h1>NOSSO NEG\u00d3CIO.<\/h1>\n<p><a href=\"https:\/\/i0.wp.com\/inegocios.com.br\/shop\/wp-content\/uploads\/2025\/12\/baner_inegocios.jpg\"><img data-recalc-dims=\"1\" loading=\"lazy\" decoding=\"async\" class=\"alignnone size-full wp-image-982\" src=\"https:\/\/i0.wp.com\/inegocios.com.br\/shop\/wp-content\/uploads\/2025\/12\/baner_inegocios.jpg?resize=930%2C147\" alt=\"\" width=\"930\" height=\"147\" srcset=\"https:\/\/i0.wp.com\/inegocios.com.br\/shop\/wp-content\/uploads\/2025\/12\/baner_inegocios.jpg?w=930&amp;ssl=1 930w, https:\/\/i0.wp.com\/inegocios.com.br\/shop\/wp-content\/uploads\/2025\/12\/baner_inegocios.jpg?resize=300%2C47&amp;ssl=1 300w, https:\/\/i0.wp.com\/inegocios.com.br\/shop\/wp-content\/uploads\/2025\/12\/baner_inegocios.jpg?resize=768%2C121&amp;ssl=1 768w, https:\/\/i0.wp.com\/inegocios.com.br\/shop\/wp-content\/uploads\/2025\/12\/baner_inegocios.jpg?resize=600%2C95&amp;ssl=1 600w, https:\/\/i0.wp.com\/inegocios.com.br\/shop\/wp-content\/uploads\/2025\/12\/baner_inegocios.jpg?resize=420%2C66&amp;ssl=1 420w, https:\/\/i0.wp.com\/inegocios.com.br\/shop\/wp-content\/uploads\/2025\/12\/baner_inegocios.jpg?resize=738%2C117&amp;ssl=1 738w\" sizes=\"auto, (max-width: 930px) 100vw, 930px\" \/><\/a><\/p>\n<ul>\n<li>O <strong>iNeg\u00f3cios<\/strong> \u00e9 uma rede de integra\u00e7\u00e3o de neg\u00f3cios, onde empresas e profissionais podem se conectar entre si e gerar resultados concreto.<\/li>\n<li>Cada empresa afiliada na plataforma gera uma cota de tokens digital (TAL * Talento);\u00a0 Esses tokens representa a presen\u00e7a da empresa dentro do ecossistema e permite que ela participe do fluxo de monetiza\u00e7\u00e3o gerado pela rede.<\/li>\n<li>Quando uma empresa \u00e9 integrada, ela interage com outras empresas, essa atividade \u00e9 registrada e faz a distribui\u00e7\u00e3o de tokens definida pelo sistema.<\/li>\n<li>Dessa forma, cada empresa passa a ter uma cota de ativos digital que v\u00e3o gerar receita diariamente, sem a necessidade de alterar sua opera\u00e7\u00e3o atual.<\/li>\n<li>O ecossistema \u00e9 colaborativo: todos os participantes contribuem para o crescimento da rede e, ao mesmo tempo, compartilham os benef\u00edcios gerados por ela.<\/li>\n<li>O objetivo \u00e9 simples: aumentar a visibilidade dos neg\u00f3cios, ampliar as oportunidades comerciais e criar um modelo de ganho cont\u00ednuo e compartilhado para todos.<\/li>\n<li>Como afiliado(a) voc\u00ea pode vender seus produtos e servi\u00e7os dentro do sistema de afiliados com taxa zero. &#8220;Aqui voc\u00ea compra e vende utilizando seus tokens e o iNegocios paga em dinheiro para o vendedor&#8221;.<\/li>\n<\/ul>\n<hr \/>\n<p>Para demostrar como formar um ecossistema colaborativo que gere resultados reais, criamos uma tabela demonstrativa de como formar uma ampla rede de indica\u00e7\u00e3o e conex\u00e3o com mais de 130.000 empresas e como obter resultados reais compartilhado com lucros reais com <a href=\"https:\/\/inegocios.com.br\/shop\/indicacao\/\"><strong>APENAS DUAS INDICA\u00c7\u00c3O<\/strong><\/a> positivas de cada afiliado(a) para forma a sua rede de Neg\u00f3cios que ir\u00e3o\u00a0 <strong><a href=\"https:\/\/inegocios.com.br\/shop\/criopto-ativos\/\" target=\"_blank\" rel=\"noopener\">GERAR LUCROS<\/a><\/strong> e indicar (voc\u00ea) como <strong><a href=\"https:\/\/inegocios.com.br\/@inegocios\" target=\"_blank\" rel=\"noopener\">PARCEIRO(A) DE NEG\u00d3CIOS.<\/a><\/strong><\/p>\n<table style=\"border-collapse: collapse; width: 99%; height: 470px;\">\n<tbody>\n<tr style=\"height: 24px;\">\n<td style=\"width: 38.1965%; height: 24px;\"><span style=\"font-size: 10pt; font-family: arial, helvetica, sans-serif;\"><strong>Semana\u00a0\u00a0<\/strong><\/span><\/td>\n<td style=\"width: 39.2456%; height: 24px;\"><span style=\"font-size: 10pt; font-family: arial, helvetica, sans-serif;\"><strong><a href=\"https:\/\/inegocios.com.br\/shop\/indicacao\/\" target=\"_blank\" rel=\"noopener\">2 indica\u00e7\u00e3o<\/a><\/strong><\/span><\/td>\n<td style=\"width: 22.351%; height: 24px; text-align: center;\"><span style=\"font-family: arial, helvetica, sans-serif; font-size: 10pt;\"><a href=\"https:\/\/inegocios.com.br\/@inegocios\"><strong>Visualiza\u00e7\u00f5es<\/strong><\/a><\/span><\/td>\n<\/tr>\n<tr style=\"height: 24px;\">\n<td style=\"width: 38.1965%; height: 24px;\"><span style=\"font-size: 10pt; font-family: arial, helvetica, sans-serif;\"><strong><span style=\"color: #ff0000;\">1 dia<\/span><\/strong><\/span><\/td>\n<td style=\"width: 39.2456%; height: 24px;\"><span style=\"font-size: 10pt; font-family: arial, helvetica, sans-serif;\"><strong><span style=\"color: #ff0000;\">Plano ativo<\/span><\/strong><\/span><\/td>\n<td style=\"width: 22.351%; text-align: center; height: 24px;\"><span style=\"font-size: 10pt; font-family: arial, helvetica, sans-serif;\"><strong><span style=\"color: #ff0000;\">seu neg\u00f3cio<\/span><\/strong><\/span><\/td>\n<\/tr>\n<tr style=\"height: 24px;\">\n<td style=\"width: 38.1965%; height: 24px;\"><span style=\"color: #ff0000; font-size: 10pt; font-family: arial, helvetica, sans-serif;\">1 semana<\/span><\/td>\n<td style=\"width: 39.2456%; height: 24px;\"><span style=\"font-size: 10pt; font-family: arial, helvetica, sans-serif;\"><strong><span style=\"color: #ff0000;\">1 X 2<\/span><\/strong><\/span><\/td>\n<td style=\"width: 22.351%; height: 24px; text-align: center;\"><span style=\"font-size: 10pt; font-family: arial, helvetica, sans-serif;\"><strong><span style=\"color: #ff0000;\">2<\/span><\/strong><\/span><\/td>\n<\/tr>\n<tr style=\"height: 24px;\">\n<td style=\"width: 38.1965%; height: 24px;\"><span style=\"color: #ff0000; font-size: 10pt; font-family: arial, helvetica, sans-serif;\">2 semana<\/span><\/td>\n<td style=\"width: 39.2456%; height: 24px;\"><span style=\"font-size: 10pt; font-family: arial, helvetica, sans-serif;\"><strong><span style=\"color: #ff0000;\">2 X 2<\/span><\/strong><\/span><\/td>\n<td style=\"width: 22.351%; height: 24px; text-align: center;\"><span style=\"font-size: 10pt; font-family: arial, helvetica, sans-serif;\"><strong><span style=\"color: #ff0000;\">4<\/span><\/strong><\/span><\/td>\n<\/tr>\n<tr style=\"height: 24px;\">\n<td style=\"width: 38.1965%; height: 24px;\"><span style=\"color: #ff0000; font-size: 10pt; font-family: arial, helvetica, sans-serif;\">3 semana<\/span><\/td>\n<td style=\"width: 39.2456%; height: 24px;\"><span style=\"font-size: 10pt; font-family: arial, helvetica, sans-serif;\"><strong><span style=\"color: #ff0000;\">4 X 2<\/span><\/strong><\/span><\/td>\n<td style=\"width: 22.351%; height: 24px; text-align: center;\"><span style=\"font-size: 10pt; font-family: arial, helvetica, sans-serif;\"><strong><span style=\"color: #ff0000;\">8<\/span><\/strong><\/span><\/td>\n<\/tr>\n<tr style=\"height: 24px;\">\n<td style=\"width: 38.1965%; height: 24px;\"><span style=\"color: #ff0000; font-size: 10pt; font-family: arial, helvetica, sans-serif;\">4 semana<\/span><\/td>\n<td style=\"width: 39.2456%; height: 24px;\"><span style=\"font-family: arial, helvetica, sans-serif; font-size: 10pt;\"><span style=\"color: #ff0000;\"><strong>8 X <\/strong><strong>2<\/strong><\/span><\/span><\/td>\n<td style=\"width: 22.351%; height: 24px; text-align: center;\"><span style=\"font-size: 10pt; font-family: arial, helvetica, sans-serif;\"><strong>\u00a0<span style=\"color: #ff0000;\">16<\/span><\/strong><\/span><\/td>\n<\/tr>\n<tr style=\"height: 24px;\">\n<td style=\"width: 38.1965%; height: 24px;\"><span style=\"color: #000000; font-size: 10pt; font-family: arial, helvetica, sans-serif;\">5 semana<\/span><\/td>\n<td style=\"width: 39.2456%; height: 24px;\"><span style=\"font-size: 10pt; font-family: arial, helvetica, sans-serif;\"><strong><span style=\"color: #000000;\">16 X 2<\/span><\/strong><\/span><\/td>\n<td style=\"width: 22.351%; height: 24px; text-align: center;\"><span style=\"font-size: 10pt; font-family: arial, helvetica, sans-serif;\"><strong><span style=\"color: #000000;\">32<\/span><\/strong><\/span><\/td>\n<\/tr>\n<tr style=\"height: 24px;\">\n<td style=\"width: 38.1965%; height: 24px;\"><span style=\"color: #000000; font-size: 10pt; font-family: arial, helvetica, sans-serif;\">6 semana<\/span><\/td>\n<td style=\"width: 39.2456%; height: 24px;\"><span style=\"font-size: 10pt; font-family: arial, helvetica, sans-serif;\"><strong><span style=\"color: #000000;\">32 X 2<\/span><\/strong><\/span><\/td>\n<td style=\"width: 22.351%; height: 24px; text-align: center;\"><span style=\"font-size: 10pt; font-family: arial, helvetica, sans-serif;\"><strong><span style=\"color: #000000;\">64<\/span><\/strong><\/span><\/td>\n<\/tr>\n<tr style=\"height: 24px;\">\n<td style=\"width: 38.1965%; height: 24px;\"><span style=\"color: #000000; font-size: 10pt; font-family: arial, helvetica, sans-serif;\">7 semana<\/span><\/td>\n<td style=\"width: 39.2456%; height: 24px;\"><span style=\"font-size: 10pt; font-family: arial, helvetica, sans-serif;\"><strong><span style=\"color: #000000;\">64 X 2<\/span><\/strong><\/span><\/td>\n<td style=\"width: 22.351%; height: 24px; text-align: center;\"><span style=\"font-size: 10pt; font-family: arial, helvetica, sans-serif;\"><strong><span style=\"color: #000000;\">128<\/span><\/strong><\/span><\/td>\n<\/tr>\n<tr style=\"height: 24px;\">\n<td style=\"width: 38.1965%; height: 24px;\"><span style=\"color: #000000; font-size: 10pt; font-family: arial, helvetica, sans-serif;\">8 semana<\/span><\/td>\n<td style=\"width: 39.2456%; height: 24px;\"><span style=\"font-size: 10pt; font-family: arial, helvetica, sans-serif;\"><strong><span style=\"color: #000000;\">128 X 2<\/span><\/strong><\/span><\/td>\n<td style=\"width: 22.351%; height: 24px; text-align: center;\"><span style=\"font-size: 10pt; font-family: arial, helvetica, sans-serif;\"><strong><span style=\"color: #000000;\">256<\/span><\/strong><\/span><\/td>\n<\/tr>\n<tr style=\"height: 24px;\">\n<td style=\"width: 38.1965%; height: 24px;\"><span style=\"color: #ff0000; font-size: 10pt; font-family: arial, helvetica, sans-serif;\">9 semana<\/span><\/td>\n<td style=\"width: 39.2456%; height: 24px;\"><span style=\"color: #ff0000; font-size: 10pt; font-family: arial, helvetica, sans-serif;\"><strong>256 X<span style=\"color: #ff0000;\"> 2<\/span><\/strong><\/span><\/td>\n<td style=\"width: 22.351%; height: 24px; text-align: center;\"><span style=\"color: #ff0000; font-size: 10pt; font-family: arial, helvetica, sans-serif;\"><strong>512<\/strong><\/span><\/td>\n<\/tr>\n<tr style=\"height: 24px;\">\n<td style=\"width: 38.1965%; height: 24px;\"><span style=\"color: #ff0000; font-size: 10pt; font-family: arial, helvetica, sans-serif;\">10 semana<\/span><\/td>\n<td style=\"width: 39.2456%; height: 24px;\"><span style=\"font-size: 10pt; font-family: arial, helvetica, sans-serif;\"><strong><span style=\"color: #ff0000;\">512 X 2<\/span><\/strong><\/span><\/td>\n<td style=\"width: 22.351%; height: 24px; text-align: center;\"><span style=\"font-size: 10pt; font-family: arial, helvetica, sans-serif;\"><strong><span style=\"color: #ff0000;\">1.024<\/span><\/strong><\/span><\/td>\n<\/tr>\n<tr style=\"height: 24px;\">\n<td style=\"width: 38.1965%; height: 22px;\"><span style=\"color: #ff0000; font-size: 10pt; font-family: arial, helvetica, sans-serif;\">11 semana<\/span><\/td>\n<td style=\"width: 39.2456%; height: 22px;\"><span style=\"font-size: 10pt; font-family: arial, helvetica, sans-serif;\"><strong><span style=\"color: #ff0000;\">1.024 X 2<\/span><\/strong><\/span><\/td>\n<td style=\"width: 22.351%; height: 22px; text-align: center;\"><span style=\"font-size: 10pt; font-family: arial, helvetica, sans-serif;\"><strong><span style=\"color: #ff0000;\">2.048<\/span><\/strong><\/span><\/td>\n<\/tr>\n<tr style=\"height: 24px;\">\n<td style=\"width: 38.1965%; height: 24px;\"><span style=\"color: #ff0000; font-size: 10pt; font-family: arial, helvetica, sans-serif;\">12 semana<\/span><\/td>\n<td style=\"width: 39.2456%; height: 24px;\"><span style=\"font-size: 10pt; font-family: arial, helvetica, sans-serif;\"><strong><span style=\"color: #ff0000;\">2.048 X 2<\/span><\/strong><\/span><\/td>\n<td style=\"width: 22.351%; height: 24px; text-align: center;\"><span style=\"font-size: 10pt; font-family: arial, helvetica, sans-serif;\"><strong><span style=\"color: #ff0000;\">4.096<\/span><\/strong><\/span><\/td>\n<\/tr>\n<tr style=\"height: 28px;\">\n<td style=\"width: 38.1965%; height: 28px;\"><span style=\"color: #000000; font-size: 10pt; font-family: arial, helvetica, sans-serif;\">13 semana<\/span><\/td>\n<td style=\"width: 39.2456%; height: 28px;\"><span style=\"font-size: 10pt; color: #000000; font-family: arial, helvetica, sans-serif;\"><strong>4.096 X<span style=\"color: #800000;\"> 2<\/span><\/strong><\/span><\/td>\n<td style=\"width: 22.351%; text-align: center; height: 28px;\"><span style=\"font-size: 10pt; color: #000000; font-family: arial, helvetica, sans-serif;\"><strong>8.192<\/strong><\/span><\/td>\n<\/tr>\n<tr style=\"height: 28px;\">\n<td style=\"width: 38.1965%; height: 28px;\"><span style=\"color: #000000; font-size: 10pt; font-family: arial, helvetica, sans-serif;\">14 semana<\/span><\/td>\n<td style=\"width: 39.2456%; height: 28px;\"><span style=\"font-size: 10pt; color: #000000; font-family: arial, helvetica, sans-serif;\"><strong>8.192 X<span style=\"color: #800000;\"> 2<\/span><\/strong><\/span><\/td>\n<td style=\"width: 22.351%; text-align: center; height: 28px;\"><span style=\"font-size: 10pt; color: #000000; font-family: arial, helvetica, sans-serif;\"><strong>16.384<\/strong><\/span><\/td>\n<\/tr>\n<tr style=\"height: 28px;\">\n<td style=\"width: 38.1965%; height: 28px;\"><span style=\"color: #000000; font-size: 10pt; font-family: arial, helvetica, sans-serif;\">15 semana<\/span><\/td>\n<td style=\"width: 39.2456%; height: 28px;\"><span style=\"font-size: 10pt; color: #000000; font-family: arial, helvetica, sans-serif;\"><strong>16.384 X<span style=\"color: #800000;\"> 2<\/span><\/strong><\/span><\/td>\n<td style=\"width: 22.351%; text-align: center; height: 28px;\"><span style=\"font-size: 10pt; color: #000000; font-family: arial, helvetica, sans-serif;\"><strong>32.768<\/strong><\/span><\/td>\n<\/tr>\n<tr style=\"height: 28px;\">\n<td style=\"width: 38.1965%; height: 28px;\"><span style=\"color: #000000; font-size: 10pt; font-family: arial, helvetica, sans-serif;\">16 semana<\/span><\/td>\n<td style=\"width: 39.2456%; height: 28px;\"><span style=\"font-size: 10pt; color: #000000; font-family: arial, helvetica, sans-serif;\"><strong>32.768 X<span style=\"color: #800000;\"> 2<\/span><\/strong><\/span><\/td>\n<td style=\"width: 22.351%; text-align: center; height: 28px;\"><span style=\"font-size: 10pt; color: #000000; font-family: arial, helvetica, sans-serif;\"><strong>65.536<\/strong><\/span><\/td>\n<\/tr>\n<tr style=\"height: 24px;\">\n<td style=\"width: 38.1965%; height: 24px;\"><\/td>\n<td style=\"width: 39.2456%; height: 24px;\"><span style=\"font-family: arial, helvetica, sans-serif; font-size: 10pt;\">\u00a0\u00a0<strong><span style=\"color: #000000;\">TOTAL<\/span><\/strong><\/span><\/td>\n<td style=\"width: 22.351%; height: 24px; text-align: center;\"><span style=\"font-size: 10pt; font-family: arial, helvetica, sans-serif;\"><strong><span style=\"color: #000000;\">131.072<\/span><\/strong><\/span><\/td>\n<\/tr>\n<\/tbody>\n<\/table>\n<hr \/>\n<ul>\n<li><a href=\"https:\/\/inegocios.com.br\/shop\/criopto-ativos\/\"><strong>Curto prazo <\/strong><strong> (6 meses):<\/strong> Estabelecer a sua rede de neg\u00f3cios com mais de 130.000 empreendedores ativos que ir\u00e3o indicar voc\u00ea como parceiro(a) de neg\u00f3cios.<\/a><\/li>\n<li><a href=\"https:\/\/inegocios.com.br\/shop\/lucros\/\"><strong>Longo prazo (1 anos):<\/strong> Tornar o seu neg\u00f3cio uma refer\u00eancia e atingir o sucesso com a integra\u00e7\u00e3o de neg\u00f3cios.<\/a><\/li>\n<\/ul>\n<hr \/>\n<p style=\"text-align: left;\">Seja nosso parceiro(a) de neg\u00f3cios.<\/p>\n<p><img class=\"alignnone size-full wp-image-478\" alt=\"\" \/><img class=\"alignnone size-full wp-image-476\" alt=\"\" \/><img class=\"alignnone size-full wp-image-288\" alt=\"\" \/><a href=\"https:\/\/i0.wp.com\/inegocios.com.br\/shop\/wp-content\/uploads\/2026\/01\/image-9.png\"><img data-recalc-dims=\"1\" loading=\"lazy\" decoding=\"async\" class=\"alignnone wp-image-1205\" src=\"https:\/\/i0.wp.com\/inegocios.com.br\/shop\/wp-content\/uploads\/2026\/01\/image-9.png?resize=300%2C233\" alt=\"\" width=\"300\" height=\"233\" srcset=\"https:\/\/i0.wp.com\/inegocios.com.br\/shop\/wp-content\/uploads\/2026\/01\/image-9.png?w=1152&amp;ssl=1 1152w, https:\/\/i0.wp.com\/inegocios.com.br\/shop\/wp-content\/uploads\/2026\/01\/image-9.png?resize=193%2C150&amp;ssl=1 193w, https:\/\/i0.wp.com\/inegocios.com.br\/shop\/wp-content\/uploads\/2026\/01\/image-9.png?resize=150%2C117&amp;ssl=1 150w, https:\/\/i0.wp.com\/inegocios.com.br\/shop\/wp-content\/uploads\/2026\/01\/image-9.png?resize=768%2C597&amp;ssl=1 768w, https:\/\/i0.wp.com\/inegocios.com.br\/shop\/wp-content\/uploads\/2026\/01\/image-9.png?resize=600%2C467&amp;ssl=1 600w, https:\/\/i0.wp.com\/inegocios.com.br\/shop\/wp-content\/uploads\/2026\/01\/image-9.png?resize=420%2C327&amp;ssl=1 420w, https:\/\/i0.wp.com\/inegocios.com.br\/shop\/wp-content\/uploads\/2026\/01\/image-9.png?resize=738%2C574&amp;ssl=1 738w\" sizes=\"auto, (max-width: 300px) 100vw, 300px\" \/><\/a><\/p>\n<a href=\"https:\/\/inegocios.com.br\/shop\/produto\/plano-anual\" target=\"_self\" class=\"element-button medium primary\">\u00a0 \u00a0 \u00a0 \u00a0Plano anual R$ 500,00 no pix. <\/a>\n<a href=\"https:\/\/inegocios.com.br\/shop\/produto\/plano-mensal\/\" target=\"_self\" class=\"element-button medium default\">\u00a0 \u00a0Plano mensal\u00a0 R$ 6o.00 no pix.<\/a>\n","protected":false},"excerpt":{"rendered":"<p>NOSSO NEG\u00d3CIO. O iNeg\u00f3cios \u00e9 uma rede de integra\u00e7\u00e3o de neg\u00f3cios, onde empresas e profissionais podem se conectar entre si e gerar resultados concreto. Cada empresa afiliada na plataforma gera uma cota de tokens digital (TAL * Talento);\u00a0 Esses tokens representa a presen\u00e7a da empresa dentro do ecossistema e permite que ela participe do fluxo [&hellip;]<\/p>\n","protected":false},"author":1,"featured_media":0,"parent":0,"menu_order":0,"comment_status":"closed","ping_status":"closed","template":"","meta":{"footnotes":""},"class_list":["post-583","page","type-page","status-publish","hentry"],"jetpack_sharing_enabled":true,"_links":{"self":[{"href":"https:\/\/inegocios.com.br\/shop\/wp-json\/wp\/v2\/pages\/583","targetHints":{"allow":["GET"]}}],"collection":[{"href":"https:\/\/inegocios.com.br\/shop\/wp-json\/wp\/v2\/pages"}],"about":[{"href":"https:\/\/inegocios.com.br\/shop\/wp-json\/wp\/v2\/types\/page"}],"author":[{"embeddable":true,"href":"https:\/\/inegocios.com.br\/shop\/wp-json\/wp\/v2\/users\/1"}],"replies":[{"embeddable":true,"href":"https:\/\/inegocios.com.br\/shop\/wp-json\/wp\/v2\/comments?post=583"}],"version-history":[{"count":130,"href":"https:\/\/inegocios.com.br\/shop\/wp-json\/wp\/v2\/pages\/583\/revisions"}],"predecessor-version":[{"id":1571,"href":"https:\/\/inegocios.com.br\/shop\/wp-json\/wp\/v2\/pages\/583\/revisions\/1571"}],"wp:attachment":[{"href":"https:\/\/inegocios.com.br\/shop\/wp-json\/wp\/v2\/media?parent=583"}],"curies":[{"name":"wp","href":"https:\/\/api.w.org\/{rel}","templated":true}]}}