{"id":988,"date":"2025-12-26T12:42:24","date_gmt":"2025-12-26T12:42:24","guid":{"rendered":"https:\/\/inegocios.com.br\/shop\/?page_id=988"},"modified":"2026-01-03T13:34:28","modified_gmt":"2026-01-03T13:34:28","slug":"criopto-ativos","status":"publish","type":"page","link":"https:\/\/inegocios.com.br\/shop\/criopto-ativos\/","title":{"rendered":"Criopto-ativos"},"content":{"rendered":"<h1><img data-recalc-dims=\"1\" loading=\"lazy\" decoding=\"async\" class=\"alignnone size-full wp-image-1888\" src=\"https:\/\/i0.wp.com\/inegocios.com.br\/afiliados\/wp-content\/uploads\/2025\/11\/talento_tal4.png?resize=940%2C195&#038;ssl=1\" alt=\"\" width=\"940\" height=\"195\" \/><\/h1>\n<p><span style=\"font-family: verdana, geneva, sans-serif; font-size: 14pt;\"><strong>BONIFICA\u00c7\u00c3O EXCLUSSIVA DO PLANO ANUAL:<\/strong><\/span><\/p>\n<ul>\n<li style=\"text-align: left;\"><span style=\"font-size: 12pt; font-family: arial, helvetica, sans-serif;\">Indique amigos e empresas para sua rede de neg\u00f3cios e ganhe 10.000 TAL * Talento em ativos digital por cada indica\u00e7\u00e3o ativada.<\/span><\/li>\n<li style=\"text-align: left;\"><span style=\"font-size: 12pt; font-family: arial, helvetica, sans-serif;\">Ajude seus indicados a fazer o mesmo e ganhe 1.000 TAL * Talento em ativos digital por cada indica\u00e7\u00e3o ativada.<\/span><\/li>\n<li style=\"text-align: left;\"><span style=\"font-size: 12pt; font-family: arial, helvetica, sans-serif;\">Este ganho de 1.000 TAL * Talento em ativos digital, ser\u00e1 estendido sucessivamente at\u00e9 a 17 gera\u00e7\u00e3o de neg\u00f3cios ativados.<\/span><\/li>\n<li><span style=\"font-size: 12pt; font-family: arial, helvetica, sans-serif;\">Desta forma, voc\u00ea ganha quando indica e quando sua rede indicar at\u00e9 a 17 gera\u00e7\u00e3o de neg\u00f3cios, o seu lucro ser\u00e1 di\u00e1rio e crescente.<\/span><\/li>\n<li><span style=\"font-size: 12pt; font-family: arial, helvetica, sans-serif;\">Voc\u00ea pode negociar seus ativos digital em REAIS na rede iNegocios, ou trocar por outra cripto-moeda na Uniswap e negociar em D\u00f3lar.<\/span><\/li>\n<\/ul>\n<p><a href=\"https:\/\/inegocios.com.br\/shop\/tabela-tres\/\"><span style=\"font-size: 14pt;\"><strong>Como formar uma rede com mais de 130.000 Parceiros de Neg\u00f3cios e lucrar at\u00e9 130.000.000 TAL * Talento.<\/strong><\/span><\/a><\/p>\n<hr \/>\n","protected":false},"excerpt":{"rendered":"<p>BONIFICA\u00c7\u00c3O EXCLUSSIVA DO PLANO ANUAL: Indique amigos e empresas para sua rede de neg\u00f3cios e ganhe 10.000 TAL * Talento em ativos digital por cada indica\u00e7\u00e3o ativada. Ajude seus indicados a fazer o mesmo e ganhe 1.000 TAL * Talento em ativos digital por cada indica\u00e7\u00e3o ativada. Este ganho de 1.000 TAL * Talento em [&hellip;]<\/p>\n","protected":false},"author":1,"featured_media":0,"parent":0,"menu_order":0,"comment_status":"closed","ping_status":"closed","template":"","meta":{"footnotes":""},"class_list":["post-988","page","type-page","status-publish","hentry"],"jetpack_sharing_enabled":true,"_links":{"self":[{"href":"https:\/\/inegocios.com.br\/shop\/wp-json\/wp\/v2\/pages\/988","targetHints":{"allow":["GET"]}}],"collection":[{"href":"https:\/\/inegocios.com.br\/shop\/wp-json\/wp\/v2\/pages"}],"about":[{"href":"https:\/\/inegocios.com.br\/shop\/wp-json\/wp\/v2\/types\/page"}],"author":[{"embeddable":true,"href":"https:\/\/inegocios.com.br\/shop\/wp-json\/wp\/v2\/users\/1"}],"replies":[{"embeddable":true,"href":"https:\/\/inegocios.com.br\/shop\/wp-json\/wp\/v2\/comments?post=988"}],"version-history":[{"count":10,"href":"https:\/\/inegocios.com.br\/shop\/wp-json\/wp\/v2\/pages\/988\/revisions"}],"predecessor-version":[{"id":1182,"href":"https:\/\/inegocios.com.br\/shop\/wp-json\/wp\/v2\/pages\/988\/revisions\/1182"}],"wp:attachment":[{"href":"https:\/\/inegocios.com.br\/shop\/wp-json\/wp\/v2\/media?parent=988"}],"curies":[{"name":"wp","href":"https:\/\/api.w.org\/{rel}","templated":true}]}}