{"id":1287,"date":"2026-01-10T11:52:50","date_gmt":"2026-01-10T11:52:50","guid":{"rendered":"https:\/\/inegocios.com.br\/shop\/?post_type=product&#038;p=1287"},"modified":"2026-01-12T02:26:19","modified_gmt":"2026-01-12T02:26:19","slug":"inegocios","status":"publish","type":"product","link":"https:\/\/inegocios.com.br\/shop\/produto\/inegocios\/","title":{"rendered":"integra\u00e7\u00e3o de Neg\u00f3cios"},"content":{"rendered":"<div class=\"embedded-video\"><iframe loading=\"lazy\" title=\"Integra\u00e7\u00e3o de neg\u00f3cios\" width=\"940\" height=\"529\" src=\"https:\/\/www.youtube.com\/embed\/zUnuKbVhScc?feature=oembed\" frameborder=\"0\" allow=\"accelerometer; autoplay; clipboard-write; encrypted-media; gyroscope; picture-in-picture; web-share\" referrerpolicy=\"strict-origin-when-cross-origin\" allowfullscreen><\/iframe><\/div>\n<div class=\"embedded-video\"><iframe loading=\"lazy\" title=\"Integra\u00e7\u00e3o de neg\u00f3cios\" width=\"940\" height=\"529\" src=\"https:\/\/www.youtube.com\/embed\/Vw2RLBK8wXM?feature=oembed\" frameborder=\"0\" allow=\"accelerometer; autoplay; clipboard-write; encrypted-media; gyroscope; picture-in-picture; web-share\" referrerpolicy=\"strict-origin-when-cross-origin\" allowfullscreen><\/iframe><\/div>\n<div class=\"embedded-video\"><iframe loading=\"lazy\" title=\"Integra\u00e7\u00e3o de neg\u00f3cios\" width=\"940\" height=\"529\" src=\"https:\/\/www.youtube.com\/embed\/vWusK-tjreY?feature=oembed\" frameborder=\"0\" allow=\"accelerometer; autoplay; clipboard-write; encrypted-media; gyroscope; picture-in-picture; web-share\" referrerpolicy=\"strict-origin-when-cross-origin\" allowfullscreen><\/iframe><\/div>\n","protected":false},"excerpt":{"rendered":"","protected":false},"author":1,"featured_media":1298,"comment_status":"open","ping_status":"closed","template":"","meta":[],"product_brand":[],"product_cat":[36],"product_tag":[],"class_list":{"0":"post-1287","1":"product","2":"type-product","3":"status-publish","4":"has-post-thumbnail","6":"product_cat-profissional","8":"first","9":"onbackorder","10":"downloadable","11":"virtual","12":"sold-individually","13":"purchasable","14":"product-type-simple"},"jetpack_sharing_enabled":true,"_links":{"self":[{"href":"https:\/\/inegocios.com.br\/shop\/wp-json\/wp\/v2\/product\/1287","targetHints":{"allow":["GET"]}}],"collection":[{"href":"https:\/\/inegocios.com.br\/shop\/wp-json\/wp\/v2\/product"}],"about":[{"href":"https:\/\/inegocios.com.br\/shop\/wp-json\/wp\/v2\/types\/product"}],"author":[{"embeddable":true,"href":"https:\/\/inegocios.com.br\/shop\/wp-json\/wp\/v2\/users\/1"}],"replies":[{"embeddable":true,"href":"https:\/\/inegocios.com.br\/shop\/wp-json\/wp\/v2\/comments?post=1287"}],"wp:featuredmedia":[{"embeddable":true,"href":"https:\/\/inegocios.com.br\/shop\/wp-json\/wp\/v2\/media\/1298"}],"wp:attachment":[{"href":"https:\/\/inegocios.com.br\/shop\/wp-json\/wp\/v2\/media?parent=1287"}],"wp:term":[{"taxonomy":"product_brand","embeddable":true,"href":"https:\/\/inegocios.com.br\/shop\/wp-json\/wp\/v2\/product_brand?post=1287"},{"taxonomy":"product_cat","embeddable":true,"href":"https:\/\/inegocios.com.br\/shop\/wp-json\/wp\/v2\/product_cat?post=1287"},{"taxonomy":"product_tag","embeddable":true,"href":"https:\/\/inegocios.com.br\/shop\/wp-json\/wp\/v2\/product_tag?post=1287"}],"curies":[{"name":"wp","href":"https:\/\/api.w.org\/{rel}","templated":true}]}}