{"id":146,"date":"2025-09-02T17:37:10","date_gmt":"2025-09-02T17:37:10","guid":{"rendered":"https:\/\/inegocios.com.br\/shop\/?post_type=product&#038;p=146"},"modified":"2025-09-02T17:37:10","modified_gmt":"2025-09-02T17:37:10","slug":"casa-popular-2","status":"publish","type":"product","link":"https:\/\/inegocios.com.br\/shop\/produto\/casa-popular-2\/","title":{"rendered":"Casa popular"},"content":{"rendered":"<p>Construcasas, projeto e constru\u00e7\u00e3o de casas de pequeno, m\u00e9dio e auto padr\u00e3o.<\/p>\n","protected":false},"excerpt":{"rendered":"<p>Construcasas, projeto e constru\u00e7\u00e3o de casas de pequeno, m\u00e9dio e auto padr\u00e3o.<\/p>\n","protected":false},"author":3,"featured_media":147,"comment_status":"open","ping_status":"closed","template":"","meta":[],"product_brand":[],"product_cat":[18],"product_tag":[],"class_list":{"0":"post-146","1":"product","2":"type-product","3":"status-publish","4":"has-post-thumbnail","6":"product_cat-produtos","8":"first","9":"instock","10":"sale","11":"shipping-taxable","12":"purchasable","13":"product-type-simple"},"jetpack_sharing_enabled":true,"_links":{"self":[{"href":"https:\/\/inegocios.com.br\/shop\/wp-json\/wp\/v2\/product\/146","targetHints":{"allow":["GET"]}}],"collection":[{"href":"https:\/\/inegocios.com.br\/shop\/wp-json\/wp\/v2\/product"}],"about":[{"href":"https:\/\/inegocios.com.br\/shop\/wp-json\/wp\/v2\/types\/product"}],"author":[{"embeddable":true,"href":"https:\/\/inegocios.com.br\/shop\/wp-json\/wp\/v2\/users\/3"}],"replies":[{"embeddable":true,"href":"https:\/\/inegocios.com.br\/shop\/wp-json\/wp\/v2\/comments?post=146"}],"wp:featuredmedia":[{"embeddable":true,"href":"https:\/\/inegocios.com.br\/shop\/wp-json\/wp\/v2\/media\/147"}],"wp:attachment":[{"href":"https:\/\/inegocios.com.br\/shop\/wp-json\/wp\/v2\/media?parent=146"}],"wp:term":[{"taxonomy":"product_brand","embeddable":true,"href":"https:\/\/inegocios.com.br\/shop\/wp-json\/wp\/v2\/product_brand?post=146"},{"taxonomy":"product_cat","embeddable":true,"href":"https:\/\/inegocios.com.br\/shop\/wp-json\/wp\/v2\/product_cat?post=146"},{"taxonomy":"product_tag","embeddable":true,"href":"https:\/\/inegocios.com.br\/shop\/wp-json\/wp\/v2\/product_tag?post=146"}],"curies":[{"name":"wp","href":"https:\/\/api.w.org\/{rel}","templated":true}]}}