{"id":159,"date":"2025-09-03T14:21:57","date_gmt":"2025-09-03T14:21:57","guid":{"rendered":"https:\/\/inegocios.com.br\/shop\/?post_type=product&#038;p=159"},"modified":"2025-09-03T14:21:57","modified_gmt":"2025-09-03T14:21:57","slug":"casa-auto-padrao","status":"publish","type":"product","link":"https:\/\/inegocios.com.br\/shop\/produto\/casa-auto-padrao\/","title":{"rendered":"Casa auto padr\u00e3o"},"content":{"rendered":"<p>Construcasas, projeto e constru\u00e7\u00e3o de casas de pequeno, m\u00e9dio e auto padr\u00e3o.<\/p>\n","protected":false},"excerpt":{"rendered":"<p>Construcasas, projeto e constru\u00e7\u00e3o de casas de pequeno, m\u00e9dio e auto padr\u00e3o.<\/p>\n","protected":false},"author":3,"featured_media":160,"comment_status":"open","ping_status":"closed","template":"","meta":[],"product_brand":[],"product_cat":[19],"product_tag":[],"class_list":{"0":"post-159","1":"product","2":"type-product","3":"status-publish","4":"has-post-thumbnail","6":"product_cat-servicos","8":"first","9":"instock","10":"sale","11":"downloadable","12":"virtual","13":"purchasable","14":"product-type-simple"},"jetpack_sharing_enabled":true,"_links":{"self":[{"href":"https:\/\/inegocios.com.br\/shop\/wp-json\/wp\/v2\/product\/159","targetHints":{"allow":["GET"]}}],"collection":[{"href":"https:\/\/inegocios.com.br\/shop\/wp-json\/wp\/v2\/product"}],"about":[{"href":"https:\/\/inegocios.com.br\/shop\/wp-json\/wp\/v2\/types\/product"}],"author":[{"embeddable":true,"href":"https:\/\/inegocios.com.br\/shop\/wp-json\/wp\/v2\/users\/3"}],"replies":[{"embeddable":true,"href":"https:\/\/inegocios.com.br\/shop\/wp-json\/wp\/v2\/comments?post=159"}],"wp:featuredmedia":[{"embeddable":true,"href":"https:\/\/inegocios.com.br\/shop\/wp-json\/wp\/v2\/media\/160"}],"wp:attachment":[{"href":"https:\/\/inegocios.com.br\/shop\/wp-json\/wp\/v2\/media?parent=159"}],"wp:term":[{"taxonomy":"product_brand","embeddable":true,"href":"https:\/\/inegocios.com.br\/shop\/wp-json\/wp\/v2\/product_brand?post=159"},{"taxonomy":"product_cat","embeddable":true,"href":"https:\/\/inegocios.com.br\/shop\/wp-json\/wp\/v2\/product_cat?post=159"},{"taxonomy":"product_tag","embeddable":true,"href":"https:\/\/inegocios.com.br\/shop\/wp-json\/wp\/v2\/product_tag?post=159"}],"curies":[{"name":"wp","href":"https:\/\/api.w.org\/{rel}","templated":true}]}}