{"id":303,"date":"2025-09-06T16:53:55","date_gmt":"2025-09-06T16:53:55","guid":{"rendered":"https:\/\/inegocios.com.br\/shop\/?post_type=product&#038;p=303"},"modified":"2026-03-29T15:29:17","modified_gmt":"2026-03-29T15:29:17","slug":"plano-anual","status":"publish","type":"product","link":"https:\/\/inegocios.com.br\/shop\/produto\/plano-anual\/","title":{"rendered":"Plano anual"},"content":{"rendered":"<p><span style=\"font-size: 14pt;\"><strong>O que voc\u00ea recebe no plano anual de Neg\u00f3cios.<\/strong><\/span><\/p>\n<ul>\n<li>Voc\u00ea ter\u00e1 um loja no inegocios.com.br\/shop para divulgar e mostre seus produtos e servi\u00e7os para seus parceiros e clientes.<\/li>\n<li>O plano vem com uma cota de 25.000TAL * Talento que ser\u00e3o distribu\u00eddos para sua rede de neg\u00f3cios como recompensa.<\/li>\n<\/ul>\n<p><span style=\"font-size: 14pt;\"><strong>Valor do plano anual, de <del>R$ 5.000,00<\/del> por R$ 500,00 por ano.<\/strong><\/span><\/p>\n","protected":false},"excerpt":{"rendered":"<p><span style=\"font-size: 14pt;\"><strong>O que voc\u00ea recebe no plano anual de Neg\u00f3cios.<\/strong><\/span><\/p>\n<ul>\n<li>Voc\u00ea ter\u00e1 uma loja no inegocios.com.br\/shop para divulgar e mostre seus produtos e servi\u00e7os para seus parceiros e clientes.<\/li>\n<li>O plano vem com uma cota de 25.000TAL * Talento que ser\u00e3o distribu\u00eddos para sua rede de neg\u00f3cios como recompensa.<\/li>\n<\/ul>\n<p><span style=\"font-size: 14pt;\"><strong>Valor do plano anual, de <del>R$ 5.000,00<\/del> por R$ 500,00 por ano.<\/strong><\/span><\/p>\n","protected":false},"author":1,"featured_media":7,"comment_status":"open","ping_status":"closed","template":"","meta":[],"product_brand":[],"product_cat":[34],"product_tag":[],"class_list":{"0":"post-303","1":"product","2":"type-product","3":"status-publish","4":"has-post-thumbnail","6":"product_cat-plano-anual","8":"first","9":"instock","10":"sold-individually","11":"shipping-taxable","12":"purchasable","13":"product-type-simple"},"jetpack_sharing_enabled":true,"_links":{"self":[{"href":"https:\/\/inegocios.com.br\/shop\/wp-json\/wp\/v2\/product\/303","targetHints":{"allow":["GET"]}}],"collection":[{"href":"https:\/\/inegocios.com.br\/shop\/wp-json\/wp\/v2\/product"}],"about":[{"href":"https:\/\/inegocios.com.br\/shop\/wp-json\/wp\/v2\/types\/product"}],"author":[{"embeddable":true,"href":"https:\/\/inegocios.com.br\/shop\/wp-json\/wp\/v2\/users\/1"}],"replies":[{"embeddable":true,"href":"https:\/\/inegocios.com.br\/shop\/wp-json\/wp\/v2\/comments?post=303"}],"wp:featuredmedia":[{"embeddable":true,"href":"https:\/\/inegocios.com.br\/shop\/wp-json\/wp\/v2\/media\/7"}],"wp:attachment":[{"href":"https:\/\/inegocios.com.br\/shop\/wp-json\/wp\/v2\/media?parent=303"}],"wp:term":[{"taxonomy":"product_brand","embeddable":true,"href":"https:\/\/inegocios.com.br\/shop\/wp-json\/wp\/v2\/product_brand?post=303"},{"taxonomy":"product_cat","embeddable":true,"href":"https:\/\/inegocios.com.br\/shop\/wp-json\/wp\/v2\/product_cat?post=303"},{"taxonomy":"product_tag","embeddable":true,"href":"https:\/\/inegocios.com.br\/shop\/wp-json\/wp\/v2\/product_tag?post=303"}],"curies":[{"name":"wp","href":"https:\/\/api.w.org\/{rel}","templated":true}]}}