{"id":321,"date":"2025-09-06T22:23:40","date_gmt":"2025-09-06T22:23:40","guid":{"rendered":"https:\/\/inegocios.com.br\/shop\/?post_type=product&#038;p=321"},"modified":"2025-09-15T14:26:57","modified_gmt":"2025-09-15T14:26:57","slug":"anel-de-prata-925-pedra-natural-navete","status":"publish","type":"product","link":"https:\/\/inegocios.com.br\/shop\/produto\/anel-de-prata-925-pedra-natural-navete\/","title":{"rendered":"Anel Meia Alian\u00e7a De Prata Pedra Natural Crisopr\u00e1sio"},"content":{"rendered":"<p>Descri\u00e7\u00e3o<\/p>\n<p>Anel de prata 925 Pedra natural navete<br \/>Tamanho das pedras 2.5 x 5 mil\u00edmetros, Peso aproximado: 1.5 gramas &#8211; Acabamento polido<\/p>\n","protected":false},"excerpt":{"rendered":"<p>Descri\u00e7\u00e3o Anel de prata 925 Pedra natural naveteTamanho das pedras 2.5 x 5 mil\u00edmetros, Peso aproximado: 1.5 gramas &#8211; Acabamento polido<\/p>\n","protected":false},"author":6,"featured_media":322,"comment_status":"open","ping_status":"closed","template":"","meta":[],"product_brand":[],"product_cat":[18],"product_tag":[],"class_list":{"0":"post-321","1":"product","2":"type-product","3":"status-publish","4":"has-post-thumbnail","6":"product_cat-produtos","8":"first","9":"instock","10":"shipping-taxable","11":"purchasable","12":"product-type-simple"},"jetpack_sharing_enabled":true,"_links":{"self":[{"href":"https:\/\/inegocios.com.br\/shop\/wp-json\/wp\/v2\/product\/321","targetHints":{"allow":["GET"]}}],"collection":[{"href":"https:\/\/inegocios.com.br\/shop\/wp-json\/wp\/v2\/product"}],"about":[{"href":"https:\/\/inegocios.com.br\/shop\/wp-json\/wp\/v2\/types\/product"}],"author":[{"embeddable":true,"href":"https:\/\/inegocios.com.br\/shop\/wp-json\/wp\/v2\/users\/6"}],"replies":[{"embeddable":true,"href":"https:\/\/inegocios.com.br\/shop\/wp-json\/wp\/v2\/comments?post=321"}],"wp:featuredmedia":[{"embeddable":true,"href":"https:\/\/inegocios.com.br\/shop\/wp-json\/wp\/v2\/media\/322"}],"wp:attachment":[{"href":"https:\/\/inegocios.com.br\/shop\/wp-json\/wp\/v2\/media?parent=321"}],"wp:term":[{"taxonomy":"product_brand","embeddable":true,"href":"https:\/\/inegocios.com.br\/shop\/wp-json\/wp\/v2\/product_brand?post=321"},{"taxonomy":"product_cat","embeddable":true,"href":"https:\/\/inegocios.com.br\/shop\/wp-json\/wp\/v2\/product_cat?post=321"},{"taxonomy":"product_tag","embeddable":true,"href":"https:\/\/inegocios.com.br\/shop\/wp-json\/wp\/v2\/product_tag?post=321"}],"curies":[{"name":"wp","href":"https:\/\/api.w.org\/{rel}","templated":true}]}}