{"id":628,"date":"2025-09-16T13:52:00","date_gmt":"2025-09-16T13:52:00","guid":{"rendered":"https:\/\/inegocios.com.br\/shop\/?post_type=product&#038;p=628"},"modified":"2025-09-16T13:52:54","modified_gmt":"2025-09-16T13:52:54","slug":"lajes-trelicada","status":"publish","type":"product","link":"https:\/\/inegocios.com.br\/shop\/produto\/lajes-trelicada\/","title":{"rendered":"LAJES TRELI\u00c7ADA"},"content":{"rendered":"<p>As Lajes Treli\u00e7adas s\u00e3o compostas por trilhos com arma\u00e7\u00e3o treli\u00e7ada de a\u00e7o pr\u00e9-fabricada, lajotas (cer\u00e2micas ou EPS) e capa de concreto (moldada in loco).<\/p>\n<p>As Lajes Treli\u00e7adas, atingem v\u00e3os livres de at\u00e9 12 metros e suportar altas cargas, al\u00e9m de paredes diretamente apoiadas, reduzindo a quantidade de vigas, pilares, funda\u00e7\u00f5es e escoramentos. N\u00e3o usam forma para sua montagem, s\u00e3o f\u00e1ceis de transportar e possuem custo baixo.<\/p>\n<p>S\u00e3o produzidos trilhos com alturas variadas entre oito e trinta cent\u00edmetros, denominados H-8, H-12, H-16, H-20, H-25 e H-30, sendo que a altura total da laje acabada \u00e9 determinada na execu\u00e7\u00e3o.<\/p>\n","protected":false},"excerpt":{"rendered":"<p>As Lajes Treli\u00e7adas s\u00e3o compostas por trilhos com arma\u00e7\u00e3o treli\u00e7ada de a\u00e7o pr\u00e9-fabricada, lajotas (cer\u00e2micas ou EPS) e capa de concreto (moldada in loco). As Lajes Treli\u00e7adas, atingem v\u00e3os livres de at\u00e9 12 metros e suportar altas cargas, al\u00e9m de paredes diretamente apoiadas, reduzindo a quantidade de vigas, pilares, funda\u00e7\u00f5es e escoramentos. N\u00e3o usam forma [&hellip;]<\/p>\n","protected":false},"author":9,"featured_media":629,"comment_status":"open","ping_status":"closed","template":"","meta":[],"product_brand":[],"product_cat":[18],"product_tag":[],"class_list":{"0":"post-628","1":"product","2":"type-product","3":"status-publish","4":"has-post-thumbnail","6":"product_cat-produtos","8":"first","9":"instock","10":"shipping-taxable","11":"purchasable","12":"product-type-simple"},"jetpack_sharing_enabled":true,"_links":{"self":[{"href":"https:\/\/inegocios.com.br\/shop\/wp-json\/wp\/v2\/product\/628","targetHints":{"allow":["GET"]}}],"collection":[{"href":"https:\/\/inegocios.com.br\/shop\/wp-json\/wp\/v2\/product"}],"about":[{"href":"https:\/\/inegocios.com.br\/shop\/wp-json\/wp\/v2\/types\/product"}],"author":[{"embeddable":true,"href":"https:\/\/inegocios.com.br\/shop\/wp-json\/wp\/v2\/users\/9"}],"replies":[{"embeddable":true,"href":"https:\/\/inegocios.com.br\/shop\/wp-json\/wp\/v2\/comments?post=628"}],"wp:featuredmedia":[{"embeddable":true,"href":"https:\/\/inegocios.com.br\/shop\/wp-json\/wp\/v2\/media\/629"}],"wp:attachment":[{"href":"https:\/\/inegocios.com.br\/shop\/wp-json\/wp\/v2\/media?parent=628"}],"wp:term":[{"taxonomy":"product_brand","embeddable":true,"href":"https:\/\/inegocios.com.br\/shop\/wp-json\/wp\/v2\/product_brand?post=628"},{"taxonomy":"product_cat","embeddable":true,"href":"https:\/\/inegocios.com.br\/shop\/wp-json\/wp\/v2\/product_cat?post=628"},{"taxonomy":"product_tag","embeddable":true,"href":"https:\/\/inegocios.com.br\/shop\/wp-json\/wp\/v2\/product_tag?post=628"}],"curies":[{"name":"wp","href":"https:\/\/api.w.org\/{rel}","templated":true}]}}