{"id":630,"date":"2025-09-16T13:57:06","date_gmt":"2025-09-16T13:57:06","guid":{"rendered":"https:\/\/inegocios.com.br\/shop\/?post_type=product&#038;p=630"},"modified":"2025-12-30T16:47:20","modified_gmt":"2025-12-30T16:47:20","slug":"lajes-protendidas","status":"publish","type":"product","link":"https:\/\/inegocios.com.br\/shop\/produto\/lajes-protendidas\/","title":{"rendered":"LAJES PROTENDIDAS"},"content":{"rendered":"<p>As Lajes Protendidas s\u00e3o compostas por trilhos e lajotas (cer\u00e2micas ou EPS). Possuem as mesmas vantagens t\u00e9cnicas das treli\u00e7adas, por\u00e9m conseguem vencer maiores v\u00e3os e suportar grandes cargas com altura relativamente baixa. Com menor densidade, s\u00e3o bem leves, reduzindo a carga de vigas, pilares e funda\u00e7\u00f5es, f\u00e1ceis de transporte e montagem.<\/p>\n<p>Assim como os trilhos das lajes treli\u00e7adas, para este tipo de lajes tamb\u00e9m s\u00e3o produzidos trilhos com alturas deH-8 e H-12, sendo que a altura total da laje acabada \u00e9 determinada na execu\u00e7\u00e3o pelos elementos de enchimento.<\/p>\n","protected":false},"excerpt":{"rendered":"<p>As Lajes Protendidas s\u00e3o compostas por trilhos e lajotas (cer\u00e2micas ou EPS). Possuem as mesmas vantagens t\u00e9cnicas das treli\u00e7adas, por\u00e9m conseguem vencer maiores v\u00e3os e suportar grandes cargas com altura relativamente baixa. Com menor densidade, s\u00e3o bem leves, reduzindo a carga de vigas, pilares e funda\u00e7\u00f5es, f\u00e1ceis de transporte e montagem. Assim como os trilhos [&hellip;]<\/p>\n","protected":false},"author":9,"featured_media":631,"comment_status":"open","ping_status":"closed","template":"","meta":[],"product_brand":[],"product_cat":[18],"product_tag":[],"class_list":{"0":"post-630","1":"product","2":"type-product","3":"status-publish","4":"has-post-thumbnail","6":"product_cat-produtos","8":"first","9":"instock","10":"shipping-taxable","11":"purchasable","12":"product-type-simple"},"jetpack_sharing_enabled":true,"_links":{"self":[{"href":"https:\/\/inegocios.com.br\/shop\/wp-json\/wp\/v2\/product\/630","targetHints":{"allow":["GET"]}}],"collection":[{"href":"https:\/\/inegocios.com.br\/shop\/wp-json\/wp\/v2\/product"}],"about":[{"href":"https:\/\/inegocios.com.br\/shop\/wp-json\/wp\/v2\/types\/product"}],"author":[{"embeddable":true,"href":"https:\/\/inegocios.com.br\/shop\/wp-json\/wp\/v2\/users\/9"}],"replies":[{"embeddable":true,"href":"https:\/\/inegocios.com.br\/shop\/wp-json\/wp\/v2\/comments?post=630"}],"wp:featuredmedia":[{"embeddable":true,"href":"https:\/\/inegocios.com.br\/shop\/wp-json\/wp\/v2\/media\/631"}],"wp:attachment":[{"href":"https:\/\/inegocios.com.br\/shop\/wp-json\/wp\/v2\/media?parent=630"}],"wp:term":[{"taxonomy":"product_brand","embeddable":true,"href":"https:\/\/inegocios.com.br\/shop\/wp-json\/wp\/v2\/product_brand?post=630"},{"taxonomy":"product_cat","embeddable":true,"href":"https:\/\/inegocios.com.br\/shop\/wp-json\/wp\/v2\/product_cat?post=630"},{"taxonomy":"product_tag","embeddable":true,"href":"https:\/\/inegocios.com.br\/shop\/wp-json\/wp\/v2\/product_tag?post=630"}],"curies":[{"name":"wp","href":"https:\/\/api.w.org\/{rel}","templated":true}]}}