{"id":696,"date":"2025-09-18T16:13:01","date_gmt":"2025-09-18T16:13:01","guid":{"rendered":"https:\/\/inegocios.com.br\/shop\/?post_type=product&#038;p=696"},"modified":"2025-12-30T16:36:07","modified_gmt":"2025-12-30T16:36:07","slug":"advogado-civil","status":"publish","type":"product","link":"https:\/\/inegocios.com.br\/shop\/produto\/advogado-civil\/","title":{"rendered":"Advogado Civil."},"content":{"rendered":"<p>Advogado c\u00edvel:<\/p>\n<p><strong>Atua\u00e7\u00e3o Extrajudicial:<\/strong><br \/>Resolve conflitos de forma preventiva, evitando que cheguem ao tribunal, atrav\u00e9s de negocia\u00e7\u00f5es, media\u00e7\u00f5es e elabora\u00e7\u00e3o de documentos jur\u00eddicos como contratos.<\/p>\n<p><strong>Atua\u00e7\u00e3o Judicial:<\/strong><br \/>Representa os clientes em processos judiciais, atuando como um representante legal para defender seus interesses e buscar a aplica\u00e7\u00e3o da lei em diversas a\u00e7\u00f5es.<\/p>\n","protected":false},"excerpt":{"rendered":"<p>Advogado c\u00edvel: Atua\u00e7\u00e3o Extrajudicial:Resolve conflitos de forma preventiva, evitando que cheguem ao tribunal, atrav\u00e9s de negocia\u00e7\u00f5es, media\u00e7\u00f5es e elabora\u00e7\u00e3o de documentos jur\u00eddicos como contratos. Atua\u00e7\u00e3o Judicial:Representa os clientes em processos judiciais, atuando como um representante legal para defender seus interesses e buscar a aplica\u00e7\u00e3o da lei em diversas a\u00e7\u00f5es.<\/p>\n","protected":false},"author":7,"featured_media":697,"comment_status":"open","ping_status":"closed","template":"","meta":[],"product_brand":[],"product_cat":[36],"product_tag":[],"class_list":{"0":"post-696","1":"product","2":"type-product","3":"status-publish","4":"has-post-thumbnail","6":"product_cat-profissional","8":"first","9":"instock","10":"shipping-taxable","11":"purchasable","12":"product-type-simple"},"jetpack_sharing_enabled":true,"_links":{"self":[{"href":"https:\/\/inegocios.com.br\/shop\/wp-json\/wp\/v2\/product\/696","targetHints":{"allow":["GET"]}}],"collection":[{"href":"https:\/\/inegocios.com.br\/shop\/wp-json\/wp\/v2\/product"}],"about":[{"href":"https:\/\/inegocios.com.br\/shop\/wp-json\/wp\/v2\/types\/product"}],"author":[{"embeddable":true,"href":"https:\/\/inegocios.com.br\/shop\/wp-json\/wp\/v2\/users\/7"}],"replies":[{"embeddable":true,"href":"https:\/\/inegocios.com.br\/shop\/wp-json\/wp\/v2\/comments?post=696"}],"wp:featuredmedia":[{"embeddable":true,"href":"https:\/\/inegocios.com.br\/shop\/wp-json\/wp\/v2\/media\/697"}],"wp:attachment":[{"href":"https:\/\/inegocios.com.br\/shop\/wp-json\/wp\/v2\/media?parent=696"}],"wp:term":[{"taxonomy":"product_brand","embeddable":true,"href":"https:\/\/inegocios.com.br\/shop\/wp-json\/wp\/v2\/product_brand?post=696"},{"taxonomy":"product_cat","embeddable":true,"href":"https:\/\/inegocios.com.br\/shop\/wp-json\/wp\/v2\/product_cat?post=696"},{"taxonomy":"product_tag","embeddable":true,"href":"https:\/\/inegocios.com.br\/shop\/wp-json\/wp\/v2\/product_tag?post=696"}],"curies":[{"name":"wp","href":"https:\/\/api.w.org\/{rel}","templated":true}]}}