{"id":836,"date":"2025-10-01T18:58:46","date_gmt":"2025-10-01T18:58:46","guid":{"rendered":"https:\/\/inegocios.com.br\/shop\/?post_type=product&#038;p=836"},"modified":"2026-03-29T15:30:00","modified_gmt":"2026-03-29T15:30:00","slug":"plano-mensal","status":"publish","type":"product","link":"https:\/\/inegocios.com.br\/shop\/produto\/plano-mensal\/","title":{"rendered":"Plano mensal"},"content":{"rendered":"<p><span style=\"font-size: 14pt;\"><strong>O que tem no plano mensal de Neg\u00f3cios.<\/strong><\/span><\/p>\n<ul>\n<li>Voc\u00ea ter\u00e1 uma loja de at\u00e9 1.200 produtos e servi\u00e7os no inegocios.com.br\/shop para divulgar e vender seus produtos e servi\u00e7os para os parceiros da rede iNegocios.<\/li>\n<li>O plano vem com uma cota de 1.000TAL * Talento que ser\u00e1 repassado para o parceiro de neg\u00f3cios que te indicou.<\/li>\n<\/ul>\n<p><strong><span style=\"font-size: 14pt;\">Valor do plano mensal, de R$ <del>600,00<\/del> por R$ 60,00 por m\u00eas no pix.<\/span><\/strong><\/p>\n","protected":false},"excerpt":{"rendered":"<p><span style=\"font-size: 14pt;\"><strong>O que tem no plano mensal de Neg\u00f3cios.<\/strong><\/span><\/p>\n<ul>\n<li>Voc\u00ea ter\u00e1 uma loja de at\u00e9 1.200 produtos e servi\u00e7os no inegocios.com.br\/shop para divulgar e vender seus produtos e servi\u00e7os para os parceiros da rede iNegocios.<\/li>\n<li>O plano vem com uma cota de 1.000TAL * Talento que ser\u00e1 repassado para o parceiro de neg\u00f3cios que te indicou.<\/li>\n<\/ul>\n<p><strong><span style=\"font-size: 14pt;\">Valor do plano mensal, de R$ <del>600,00<\/del> por R$ 60,00 por m\u00eas no pix.<\/span><\/strong><\/p>\n","protected":false},"author":1,"featured_media":7,"comment_status":"open","ping_status":"closed","template":"","meta":[],"product_brand":[],"product_cat":[35],"product_tag":[],"class_list":{"0":"post-836","1":"product","2":"type-product","3":"status-publish","4":"has-post-thumbnail","6":"product_cat-plano-mensal","8":"first","9":"instock","10":"sold-individually","11":"shipping-taxable","12":"purchasable","13":"product-type-simple"},"jetpack_sharing_enabled":true,"_links":{"self":[{"href":"https:\/\/inegocios.com.br\/shop\/wp-json\/wp\/v2\/product\/836","targetHints":{"allow":["GET"]}}],"collection":[{"href":"https:\/\/inegocios.com.br\/shop\/wp-json\/wp\/v2\/product"}],"about":[{"href":"https:\/\/inegocios.com.br\/shop\/wp-json\/wp\/v2\/types\/product"}],"author":[{"embeddable":true,"href":"https:\/\/inegocios.com.br\/shop\/wp-json\/wp\/v2\/users\/1"}],"replies":[{"embeddable":true,"href":"https:\/\/inegocios.com.br\/shop\/wp-json\/wp\/v2\/comments?post=836"}],"wp:featuredmedia":[{"embeddable":true,"href":"https:\/\/inegocios.com.br\/shop\/wp-json\/wp\/v2\/media\/7"}],"wp:attachment":[{"href":"https:\/\/inegocios.com.br\/shop\/wp-json\/wp\/v2\/media?parent=836"}],"wp:term":[{"taxonomy":"product_brand","embeddable":true,"href":"https:\/\/inegocios.com.br\/shop\/wp-json\/wp\/v2\/product_brand?post=836"},{"taxonomy":"product_cat","embeddable":true,"href":"https:\/\/inegocios.com.br\/shop\/wp-json\/wp\/v2\/product_cat?post=836"},{"taxonomy":"product_tag","embeddable":true,"href":"https:\/\/inegocios.com.br\/shop\/wp-json\/wp\/v2\/product_tag?post=836"}],"curies":[{"name":"wp","href":"https:\/\/api.w.org\/{rel}","templated":true}]}}